{"id":16205,"date":"2023-07-12T08:04:45","date_gmt":"2023-07-12T08:04:45","guid":{"rendered":"https:\/\/www.schimmel-pianos.de\/?page_id=16205"},"modified":"2025-01-22T15:04:17","modified_gmt":"2025-01-22T15:04:17","slug":"connexion-revendeur","status":"publish","type":"page","link":"https:\/\/www.schimmel-pianos.de\/fr\/dealer-login\/","title":{"rendered":"Login du revendeur"},"content":{"rendered":"","protected":true},"excerpt":{"rendered":"","protected":true},"author":3,"featured_media":10255,"parent":0,"menu_order":0,"comment_status":"closed","ping_status":"closed","template":"elementor_header_footer","meta":{"footnotes":""},"class_list":["post-16205","page","type-page","status-publish","post-password-required","hentry"],"yoast_head":"<!-- This site is optimized with the Yoast SEO plugin v27.3 - https:\/\/yoast.com\/product\/yoast-seo-wordpress\/ -->\n<title>H\u00e4ndler-Login - Schimmel Piano<\/title>\n<meta name=\"description\" content=\"Exklusive Inhalte f\u00fcr unsere Schimmel H\u00e4ndler.\" \/>\n<meta name=\"robots\" content=\"noindex, nofollow\" \/>\n<meta property=\"og:locale\" content=\"fr_FR\" \/>\n<meta property=\"og:type\" content=\"article\" \/>\n<meta property=\"og:title\" content=\"H\u00e4ndler-Login - Schimmel Piano\" \/>\n<meta property=\"og:description\" content=\"Exklusive Inhalte f\u00fcr unsere Schimmel H\u00e4ndler.\" \/>\n<meta property=\"og:url\" content=\"https:\/\/www.schimmel-pianos.de\/fr\/connexion-revendeur\/\" \/>\n<meta property=\"og:site_name\" content=\"Schimmel Piano\" \/>\n<meta property=\"article:publisher\" content=\"https:\/\/www.facebook.com\/SchimmelPianos\" \/>\n<meta property=\"article:modified_time\" content=\"2025-01-22T15:04:17+00:00\" \/>\n<meta name=\"twitter:card\" content=\"summary_large_image\" \/>\n<meta name=\"twitter:site\" content=\"@SchimmelPianos\" \/>\n<meta name=\"twitter:label1\" content=\"Dur\u00e9e de lecture estim\u00e9e\" \/>\n\t<meta name=\"twitter:data1\" content=\"1 minute\" \/>\n<script type=\"application\/ld+json\" class=\"yoast-schema-graph\">{\"@context\":\"https:\\\/\\\/schema.org\",\"@graph\":[{\"@type\":\"WebPage\",\"@id\":\"https:\\\/\\\/www.schimmel-pianos.de\\\/dealer-login\\\/\",\"url\":\"https:\\\/\\\/www.schimmel-pianos.de\\\/dealer-login\\\/\",\"name\":\"H\u00e4ndler-Login - Schimmel Piano\",\"isPartOf\":{\"@id\":\"https:\\\/\\\/www.schimmel-pianos.de\\\/en\\\/#website\"},\"datePublished\":\"2023-07-12T08:04:45+00:00\",\"dateModified\":\"2025-01-22T15:04:17+00:00\",\"breadcrumb\":{\"@id\":\"https:\\\/\\\/www.schimmel-pianos.de\\\/dealer-login\\\/#breadcrumb\"},\"inLanguage\":\"fr-FR\"},{\"@type\":\"WebSite\",\"@id\":\"https:\\\/\\\/www.schimmel-pianos.de\\\/en\\\/#website\",\"url\":\"https:\\\/\\\/www.schimmel-pianos.de\\\/en\\\/\",\"name\":\"Schimmel Pianos\",\"description\":\"Crafting pianos with passion in Germany - since 1885.\",\"publisher\":{\"@id\":\"https:\\\/\\\/www.schimmel-pianos.de\\\/en\\\/#organization\"},\"alternateName\":\"Schimmel Piano\",\"potentialAction\":[{\"@type\":\"SearchAction\",\"target\":{\"@type\":\"EntryPoint\",\"urlTemplate\":\"https:\\\/\\\/www.schimmel-pianos.de\\\/en\\\/?s={search_term_string}\"},\"query-input\":{\"@type\":\"PropertyValueSpecification\",\"valueRequired\":true,\"valueName\":\"search_term_string\"}}],\"inLanguage\":\"fr-FR\"},{\"@type\":\"Organization\",\"@id\":\"https:\\\/\\\/www.schimmel-pianos.de\\\/en\\\/#organization\",\"name\":\"Wilhelm Schimmel Pianofortefabrik GmbH\",\"url\":\"https:\\\/\\\/www.schimmel-pianos.de\\\/en\\\/\",\"logo\":{\"@type\":\"ImageObject\",\"inLanguage\":\"fr-FR\",\"@id\":\"https:\\\/\\\/www.schimmel-pianos.de\\\/en\\\/#\\\/schema\\\/logo\\\/image\\\/\",\"url\":\"https:\\\/\\\/www.schimmel-pianos.de\\\/wp-content\\\/uploads\\\/2022\\\/04\\\/Schimmel_Logo.webp\",\"contentUrl\":\"https:\\\/\\\/www.schimmel-pianos.de\\\/wp-content\\\/uploads\\\/2022\\\/04\\\/Schimmel_Logo.webp\",\"width\":150,\"height\":50,\"caption\":\"Wilhelm Schimmel Pianofortefabrik GmbH\"},\"image\":{\"@id\":\"https:\\\/\\\/www.schimmel-pianos.de\\\/en\\\/#\\\/schema\\\/logo\\\/image\\\/\"},\"sameAs\":[\"https:\\\/\\\/www.facebook.com\\\/SchimmelPianos\",\"https:\\\/\\\/x.com\\\/SchimmelPianos\",\"https:\\\/\\\/www.instagram.com\\\/schimmelpianos\\\/\",\"https:\\\/\\\/m.youtube.com\\\/c\\\/SchimmelPianosOfficial\"]}]}<\/script>\n<!-- \/ Yoast SEO plugin. -->","yoast_head_json":{"title":"Connexion revendeur - Schimmel Piano","description":"Contenu exclusif pour nos revendeurs Schimmel.","robots":{"index":"noindex","follow":"nofollow"},"og_locale":"fr_FR","og_type":"article","og_title":"H\u00e4ndler-Login - Schimmel Piano","og_description":"Exklusive Inhalte f\u00fcr unsere Schimmel H\u00e4ndler.","og_url":"https:\/\/www.schimmel-pianos.de\/fr\/connexion-revendeur\/","og_site_name":"Schimmel Piano","article_publisher":"https:\/\/www.facebook.com\/SchimmelPianos","article_modified_time":"2025-01-22T15:04:17+00:00","twitter_card":"summary_large_image","twitter_site":"@SchimmelPianos","twitter_misc":{"Dur\u00e9e de lecture estim\u00e9e":"1 minute"},"schema":{"@context":"https:\/\/schema.org","@graph":[{"@type":"WebPage","@id":"https:\/\/www.schimmel-pianos.de\/dealer-login\/","url":"https:\/\/www.schimmel-pianos.de\/dealer-login\/","name":"Connexion revendeur - Schimmel Piano","isPartOf":{"@id":"https:\/\/www.schimmel-pianos.de\/en\/#website"},"datePublished":"2023-07-12T08:04:45+00:00","dateModified":"2025-01-22T15:04:17+00:00","breadcrumb":{"@id":"https:\/\/www.schimmel-pianos.de\/dealer-login\/#breadcrumb"},"inLanguage":"fr-FR"},{"@type":"WebSite","@id":"https:\/\/www.schimmel-pianos.de\/en\/#website","url":"https:\/\/www.schimmel-pianos.de\/en\/","name":"Pianos Schimmel","description":"Fabriquer des pianos en Allemagne avec passion - depuis 1885","publisher":{"@id":"https:\/\/www.schimmel-pianos.de\/en\/#organization"},"alternateName":"Schimmel Piano","potentialAction":[{"@type":"SearchAction","target":{"@type":"EntryPoint","urlTemplate":"https:\/\/www.schimmel-pianos.de\/en\/?s={search_term_string}"},"query-input":{"@type":"PropertyValueSpecification","valueRequired":true,"valueName":"search_term_string"}}],"inLanguage":"fr-FR"},{"@type":"Organization","@id":"https:\/\/www.schimmel-pianos.de\/en\/#organization","name":"Wilhelm Schimmel Pianofortefabrik GmbH","url":"https:\/\/www.schimmel-pianos.de\/en\/","logo":{"@type":"ImageObject","inLanguage":"fr-FR","@id":"https:\/\/www.schimmel-pianos.de\/en\/#\/schema\/logo\/image\/","url":"https:\/\/www.schimmel-pianos.de\/wp-content\/uploads\/2022\/04\/Schimmel_Logo.webp","contentUrl":"https:\/\/www.schimmel-pianos.de\/wp-content\/uploads\/2022\/04\/Schimmel_Logo.webp","width":150,"height":50,"caption":"Wilhelm Schimmel Pianofortefabrik GmbH"},"image":{"@id":"https:\/\/www.schimmel-pianos.de\/en\/#\/schema\/logo\/image\/"},"sameAs":["https:\/\/www.facebook.com\/SchimmelPianos","https:\/\/x.com\/SchimmelPianos","https:\/\/www.instagram.com\/schimmelpianos\/","https:\/\/m.youtube.com\/c\/SchimmelPianosOfficial"]}]}},"_links":{"self":[{"href":"https:\/\/www.schimmel-pianos.de\/fr\/wp-json\/wp\/v2\/pages\/16205","targetHints":{"allow":["GET"]}}],"collection":[{"href":"https:\/\/www.schimmel-pianos.de\/fr\/wp-json\/wp\/v2\/pages"}],"about":[{"href":"https:\/\/www.schimmel-pianos.de\/fr\/wp-json\/wp\/v2\/types\/page"}],"author":[{"embeddable":true,"href":"https:\/\/www.schimmel-pianos.de\/fr\/wp-json\/wp\/v2\/users\/3"}],"replies":[{"embeddable":true,"href":"https:\/\/www.schimmel-pianos.de\/fr\/wp-json\/wp\/v2\/comments?post=16205"}],"version-history":[{"count":5,"href":"https:\/\/www.schimmel-pianos.de\/fr\/wp-json\/wp\/v2\/pages\/16205\/revisions"}],"predecessor-version":[{"id":20081,"href":"https:\/\/www.schimmel-pianos.de\/fr\/wp-json\/wp\/v2\/pages\/16205\/revisions\/20081"}],"wp:featuredmedia":[{"embeddable":true,"href":"https:\/\/www.schimmel-pianos.de\/fr\/wp-json\/wp\/v2\/media\/10255"}],"wp:attachment":[{"href":"https:\/\/www.schimmel-pianos.de\/fr\/wp-json\/wp\/v2\/media?parent=16205"}],"curies":[{"name":"wp","href":"https:\/\/api.w.org\/{rel}","templated":true}]}}