{"id":6058,"date":"2022-07-20T11:44:06","date_gmt":"2022-07-20T11:44:06","guid":{"rendered":"https:\/\/schimmel-piano.gdstest.de\/?page_id=6058"},"modified":"2024-06-05T12:54:06","modified_gmt":"2024-06-05T12:54:06","slug":"impressum","status":"publish","type":"page","link":"https:\/\/www.schimmel-pianos.de\/fr\/impressum\/","title":{"rendered":"Soci\u00e9t\u00e9"},"content":{"rendered":"<div data-elementor-type=\"wp-page\" data-elementor-id=\"6058\" class=\"elementor elementor-6058\" data-elementor-post-type=\"page\">\n\t\t\t\t\t\t<section data-dce-background-color=\"#FFFFFF\" class=\"elementor-section elementor-top-section elementor-element elementor-element-751dfaec elementor-section-boxed elementor-section-height-default elementor-section-height-default\" data-id=\"751dfaec\" data-element_type=\"section\" data-e-type=\"section\" data-settings=\"{&quot;background_background&quot;:&quot;classic&quot;}\">\n\t\t\t\t\t\t<div class=\"elementor-container elementor-column-gap-default\">\n\t\t\t\t\t<div class=\"elementor-column elementor-col-100 elementor-top-column elementor-element elementor-element-24541f72\" data-id=\"24541f72\" data-element_type=\"column\" data-e-type=\"column\">\n\t\t\t<div class=\"elementor-widget-wrap elementor-element-populated\">\n\t\t\t\t\t\t<div class=\"elementor-element elementor-element-21690aa elementor-widget elementor-widget-spacer\" data-id=\"21690aa\" data-element_type=\"widget\" data-e-type=\"widget\" data-widget_type=\"spacer.default\">\n\t\t\t\t<div class=\"elementor-widget-container\">\n\t\t\t\t\t\t\t<div class=\"elementor-spacer\">\n\t\t\t<div class=\"elementor-spacer-inner\"><\/div>\n\t\t<\/div>\n\t\t\t\t\t\t<\/div>\n\t\t\t\t<\/div>\n\t\t\t\t<div class=\"elementor-element elementor-element-34c530ea elementor-widget elementor-widget-heading\" data-id=\"34c530ea\" data-element_type=\"widget\" data-e-type=\"widget\" data-widget_type=\"heading.default\">\n\t\t\t\t<div class=\"elementor-widget-container\">\n\t\t\t\t\t<h1 class=\"elementor-heading-title elementor-size-default\">Soci\u00e9t\u00e9<\/h1>\t\t\t\t<\/div>\n\t\t\t\t<\/div>\n\t\t\t\t<div class=\"elementor-element elementor-element-6e550704 elementor-widget elementor-widget-spacer\" data-id=\"6e550704\" data-element_type=\"widget\" data-e-type=\"widget\" data-widget_type=\"spacer.default\">\n\t\t\t\t<div class=\"elementor-widget-container\">\n\t\t\t\t\t\t\t<div class=\"elementor-spacer\">\n\t\t\t<div class=\"elementor-spacer-inner\"><\/div>\n\t\t<\/div>\n\t\t\t\t\t\t<\/div>\n\t\t\t\t<\/div>\n\t\t\t\t<div class=\"elementor-element elementor-element-37d63bc4 elementor-widget elementor-widget-text-editor\" data-id=\"37d63bc4\" data-element_type=\"widget\" data-e-type=\"widget\" data-widget_type=\"text-editor.default\">\n\t\t\t\t<div class=\"elementor-widget-container\">\n\t\t\t\t\t\t\t\t\t<p><strong>Wilhelm Schimmel Pianofortefabrik GmbH<\/strong><\/p><p><strong><a href=\"https:\/\/goo.gl\/maps\/8ZyW8vVpXzKq7zsMA\" target=\"_blank\" rel=\"noopener\">Friedrich-Seele-Stra\u00dfe 20<br \/>38122 Braunschweig<br \/>Allemagne<\/a><\/strong><\/p><p>\u00a0<\/p><p><strong>Contact<\/strong><\/p><p><strong>T\u00e9l\u00e9phone<\/strong> +49(0)531<!-- >@. -->\/8018<!-- >@. --><!-- @>. -->-0<br \/><strong>T\u00e9l\u00e9copie<\/strong> +49(0)531<!-- >@. -->\/8018<!-- >@. --><!-- @>. -->-163<br \/><strong><a href=\"http:\/\/www.schimmel-pianos.de\/fr\/\" target=\"_blank\" rel=\"noopener\">www.schimmel-pianos.de<\/a><\/strong><br \/><strong>Info<!-- >@. -->@schimmel<!-- @>. -->-piano.<!--= .>@ -->de<\/strong><\/p><p>\u00a0<\/p><p>Directeur g\u00e9n\u00e9ral : Wenbing Lan<\/p><p>Inscription au registre du commerce allemand: Amtsgericht Braunschweig HRB 67<\/p><p>Num\u00e9ro de TVA: DE 114876748<\/p><p>Responsable du contenu : Wenbing Lan<\/p><p>\u00a0<\/p><p class=\"translation-block\">Consultez Notre politique de confidentialit\u00e9 <a href=\"https:\/\/www.schimmel-pianos.de\/fr\/legal-privacy\/datenschutz\/\" target=\"_blank\" rel=\"noopener\">ici<\/a>.<\/p><p>\u00a0<\/p><p class=\"translation-block\">Nos mentions l\u00e9gales peuvent \u00eatre consult\u00e9es <a href=\"https:\/\/www.schimmel-pianos.de\/fr\/legal-privacy\/rechtliche-hinweise\/\" target=\"_blank\" rel=\"noopener\">ici<\/a>.<\/p>\t\t\t\t\t\t\t\t<\/div>\n\t\t\t\t<\/div>\n\t\t\t\t<div class=\"elementor-element elementor-element-3f5e78af elementor-widget elementor-widget-spacer\" data-id=\"3f5e78af\" data-element_type=\"widget\" data-e-type=\"widget\" data-widget_type=\"spacer.default\">\n\t\t\t\t<div class=\"elementor-widget-container\">\n\t\t\t\t\t\t\t<div class=\"elementor-spacer\">\n\t\t\t<div class=\"elementor-spacer-inner\"><\/div>\n\t\t<\/div>\n\t\t\t\t\t\t<\/div>\n\t\t\t\t<\/div>\n\t\t\t\t\t<\/div>\n\t\t<\/div>\n\t\t\t\t\t<\/div>\n\t\t<\/section>\n\t\t\t\t<\/div>","protected":false},"excerpt":{"rendered":"<p>Impressum Wilhelm Schimmel Pianofortefabrik GmbH Friedrich-Seele-Stra\u00dfe 2038122 BraunschweigGermany \u00a0 Kontakt Telefon +49(0)531\/8018-0Telefax +49(0)531\/8018-163www.schimmel-pianos.deinfo@schimmel-piano.de \u00a0 Gesch\u00e4ftsf\u00fchrer: Wenbing Lan Handelsregistereintrag: Amtsgericht Braunschweig HRB 67 Ust-IdNr: DE 114876748 Inhaltliche Verantwortung: Wenbing Lan \u00a0 Unsere Datenschutzbestimmungen finden Sie hier. \u00a0 Unsere rechtlichen Hinweise finden Sie hier.<\/p>","protected":false},"author":3,"featured_media":0,"parent":0,"menu_order":0,"comment_status":"closed","ping_status":"closed","template":"elementor_header_footer","meta":{"footnotes":""},"class_list":["post-6058","page","type-page","status-publish","hentry"],"yoast_head":"<!-- This site is optimized with the Yoast SEO plugin v27.3 - https:\/\/yoast.com\/product\/yoast-seo-wordpress\/ -->\n<title>Impressum - Schimmel Piano<\/title>\n<meta name=\"description\" content=\"Auf dieser Seite: Impressum - Adresse - Kontakt - Inhaltliche Verantwortung - Datenschutzbestimmungen - Rechtliche Hinweise Schimmel Pianos\" \/>\n<meta name=\"robots\" content=\"index, follow, max-snippet:-1, max-image-preview:large, max-video-preview:-1\" \/>\n<link rel=\"canonical\" href=\"https:\/\/www.schimmel-pianos.de\/fr\/impressum\/\" \/>\n<meta property=\"og:locale\" content=\"fr_FR\" \/>\n<meta property=\"og:type\" content=\"article\" \/>\n<meta property=\"og:title\" content=\"Impressum - Schimmel Piano\" \/>\n<meta property=\"og:description\" content=\"Auf dieser Seite: Impressum - Adresse - Kontakt - Inhaltliche Verantwortung - Datenschutzbestimmungen - Rechtliche Hinweise Schimmel Pianos\" \/>\n<meta property=\"og:url\" content=\"https:\/\/www.schimmel-pianos.de\/fr\/impressum\/\" \/>\n<meta property=\"og:site_name\" content=\"Schimmel Piano\" \/>\n<meta property=\"article:publisher\" content=\"https:\/\/www.facebook.com\/SchimmelPianos\" \/>\n<meta property=\"article:modified_time\" content=\"2024-06-05T12:54:06+00:00\" \/>\n<meta property=\"og:image\" content=\"https:\/\/www.schimmel-pianos.de\/wp-content\/uploads\/2022\/06\/12_Schimmel_Spielende_Haende_Titelbild-1.webp\" \/>\n\t<meta property=\"og:image:width\" content=\"2500\" \/>\n\t<meta property=\"og:image:height\" content=\"1500\" \/>\n\t<meta property=\"og:image:type\" content=\"image\/webp\" \/>\n<meta name=\"twitter:card\" content=\"summary_large_image\" \/>\n<meta name=\"twitter:site\" content=\"@SchimmelPianos\" \/>\n<meta name=\"twitter:label1\" content=\"Dur\u00e9e de lecture estim\u00e9e\" \/>\n\t<meta name=\"twitter:data1\" content=\"1 minute\" \/>\n<script type=\"application\/ld+json\" class=\"yoast-schema-graph\">{\"@context\":\"https:\\\/\\\/schema.org\",\"@graph\":[{\"@type\":\"WebPage\",\"@id\":\"https:\\\/\\\/www.schimmel-pianos.de\\\/impressum\\\/\",\"url\":\"https:\\\/\\\/www.schimmel-pianos.de\\\/impressum\\\/\",\"name\":\"Impressum - Schimmel Piano\",\"isPartOf\":{\"@id\":\"https:\\\/\\\/www.schimmel-pianos.de\\\/en\\\/#website\"},\"datePublished\":\"2022-07-20T11:44:06+00:00\",\"dateModified\":\"2024-06-05T12:54:06+00:00\",\"description\":\"Auf dieser Seite: Impressum - Adresse - Kontakt - Inhaltliche Verantwortung - Datenschutzbestimmungen - Rechtliche Hinweise Schimmel Pianos\",\"breadcrumb\":{\"@id\":\"https:\\\/\\\/www.schimmel-pianos.de\\\/impressum\\\/#breadcrumb\"},\"inLanguage\":\"fr-FR\",\"potentialAction\":[{\"@type\":\"ReadAction\",\"target\":[\"https:\\\/\\\/www.schimmel-pianos.de\\\/impressum\\\/\"]}]},{\"@type\":\"BreadcrumbList\",\"@id\":\"https:\\\/\\\/www.schimmel-pianos.de\\\/impressum\\\/#breadcrumb\",\"itemListElement\":[{\"@type\":\"ListItem\",\"position\":1,\"name\":\"Home\",\"item\":\"https:\\\/\\\/www.schimmel-pianos.de\\\/\"},{\"@type\":\"ListItem\",\"position\":2,\"name\":\"Impressum\"}]},{\"@type\":\"WebSite\",\"@id\":\"https:\\\/\\\/www.schimmel-pianos.de\\\/en\\\/#website\",\"url\":\"https:\\\/\\\/www.schimmel-pianos.de\\\/en\\\/\",\"name\":\"Schimmel Pianos\",\"description\":\"Crafting pianos with passion in Germany - since 1885.\",\"publisher\":{\"@id\":\"https:\\\/\\\/www.schimmel-pianos.de\\\/en\\\/#organization\"},\"alternateName\":\"Schimmel Piano\",\"potentialAction\":[{\"@type\":\"SearchAction\",\"target\":{\"@type\":\"EntryPoint\",\"urlTemplate\":\"https:\\\/\\\/www.schimmel-pianos.de\\\/en\\\/?s={search_term_string}\"},\"query-input\":{\"@type\":\"PropertyValueSpecification\",\"valueRequired\":true,\"valueName\":\"search_term_string\"}}],\"inLanguage\":\"fr-FR\"},{\"@type\":\"Organization\",\"@id\":\"https:\\\/\\\/www.schimmel-pianos.de\\\/en\\\/#organization\",\"name\":\"Wilhelm Schimmel Pianofortefabrik GmbH\",\"url\":\"https:\\\/\\\/www.schimmel-pianos.de\\\/en\\\/\",\"logo\":{\"@type\":\"ImageObject\",\"inLanguage\":\"fr-FR\",\"@id\":\"https:\\\/\\\/www.schimmel-pianos.de\\\/en\\\/#\\\/schema\\\/logo\\\/image\\\/\",\"url\":\"https:\\\/\\\/www.schimmel-pianos.de\\\/wp-content\\\/uploads\\\/2022\\\/04\\\/Schimmel_Logo.webp\",\"contentUrl\":\"https:\\\/\\\/www.schimmel-pianos.de\\\/wp-content\\\/uploads\\\/2022\\\/04\\\/Schimmel_Logo.webp\",\"width\":150,\"height\":50,\"caption\":\"Wilhelm Schimmel Pianofortefabrik GmbH\"},\"image\":{\"@id\":\"https:\\\/\\\/www.schimmel-pianos.de\\\/en\\\/#\\\/schema\\\/logo\\\/image\\\/\"},\"sameAs\":[\"https:\\\/\\\/www.facebook.com\\\/SchimmelPianos\",\"https:\\\/\\\/x.com\\\/SchimmelPianos\",\"https:\\\/\\\/www.instagram.com\\\/schimmelpianos\\\/\",\"https:\\\/\\\/m.youtube.com\\\/c\\\/SchimmelPianosOfficial\"]}]}<\/script>\n<!-- \/ Yoast SEO plugin. -->","yoast_head_json":{"title":"mentions l\u00e9gales - Piano Schimmel","description":"Sur ce site : Mentions l\u00e9gales - Adresse - Contact - Responsabilit\u00e9 du contenu - Politique de confidentialit\u00e9 - Mentions l\u00e9gales Schimmel Pianos","robots":{"index":"index","follow":"follow","max-snippet":"max-snippet:-1","max-image-preview":"max-image-preview:large","max-video-preview":"max-video-preview:-1"},"canonical":"https:\/\/www.schimmel-pianos.de\/fr\/impressum\/","og_locale":"fr_FR","og_type":"article","og_title":"Impressum - Schimmel Piano","og_description":"Auf dieser Seite: Impressum - Adresse - Kontakt - Inhaltliche Verantwortung - Datenschutzbestimmungen - Rechtliche Hinweise Schimmel Pianos","og_url":"https:\/\/www.schimmel-pianos.de\/fr\/impressum\/","og_site_name":"Schimmel Piano","article_publisher":"https:\/\/www.facebook.com\/SchimmelPianos","article_modified_time":"2024-06-05T12:54:06+00:00","og_image":[{"width":2500,"height":1500,"url":"https:\/\/www.schimmel-pianos.de\/wp-content\/uploads\/2022\/06\/12_Schimmel_Spielende_Haende_Titelbild-1.webp","type":"image\/webp"}],"twitter_card":"summary_large_image","twitter_site":"@SchimmelPianos","twitter_misc":{"Dur\u00e9e de lecture estim\u00e9e":"1 minute"},"schema":{"@context":"https:\/\/schema.org","@graph":[{"@type":"WebPage","@id":"https:\/\/www.schimmel-pianos.de\/impressum\/","url":"https:\/\/www.schimmel-pianos.de\/impressum\/","name":"mentions l\u00e9gales - Piano Schimmel","isPartOf":{"@id":"https:\/\/www.schimmel-pianos.de\/en\/#website"},"datePublished":"2022-07-20T11:44:06+00:00","dateModified":"2024-06-05T12:54:06+00:00","description":"Sur ce site : Mentions l\u00e9gales - Adresse - Contact - Responsabilit\u00e9 du contenu - Politique de confidentialit\u00e9 - Mentions l\u00e9gales Schimmel Pianos","breadcrumb":{"@id":"https:\/\/www.schimmel-pianos.de\/impressum\/#breadcrumb"},"inLanguage":"fr-FR","potentialAction":[{"@type":"ReadAction","target":["https:\/\/www.schimmel-pianos.de\/impressum\/"]}]},{"@type":"BreadcrumbList","@id":"https:\/\/www.schimmel-pianos.de\/impressum\/#breadcrumb","itemListElement":[{"@type":"ListItem","position":1,"name":"Home","item":"https:\/\/www.schimmel-pianos.de\/"},{"@type":"ListItem","position":2,"name":"Impressum"}]},{"@type":"WebSite","@id":"https:\/\/www.schimmel-pianos.de\/en\/#website","url":"https:\/\/www.schimmel-pianos.de\/en\/","name":"Pianos Schimmel","description":"Fabriquer des pianos en Allemagne avec passion - depuis 1885","publisher":{"@id":"https:\/\/www.schimmel-pianos.de\/en\/#organization"},"alternateName":"Schimmel Piano","potentialAction":[{"@type":"SearchAction","target":{"@type":"EntryPoint","urlTemplate":"https:\/\/www.schimmel-pianos.de\/en\/?s={search_term_string}"},"query-input":{"@type":"PropertyValueSpecification","valueRequired":true,"valueName":"search_term_string"}}],"inLanguage":"fr-FR"},{"@type":"Organization","@id":"https:\/\/www.schimmel-pianos.de\/en\/#organization","name":"Wilhelm Schimmel Pianofortefabrik GmbH","url":"https:\/\/www.schimmel-pianos.de\/en\/","logo":{"@type":"ImageObject","inLanguage":"fr-FR","@id":"https:\/\/www.schimmel-pianos.de\/en\/#\/schema\/logo\/image\/","url":"https:\/\/www.schimmel-pianos.de\/wp-content\/uploads\/2022\/04\/Schimmel_Logo.webp","contentUrl":"https:\/\/www.schimmel-pianos.de\/wp-content\/uploads\/2022\/04\/Schimmel_Logo.webp","width":150,"height":50,"caption":"Wilhelm Schimmel Pianofortefabrik GmbH"},"image":{"@id":"https:\/\/www.schimmel-pianos.de\/en\/#\/schema\/logo\/image\/"},"sameAs":["https:\/\/www.facebook.com\/SchimmelPianos","https:\/\/x.com\/SchimmelPianos","https:\/\/www.instagram.com\/schimmelpianos\/","https:\/\/m.youtube.com\/c\/SchimmelPianosOfficial"]}]}},"_links":{"self":[{"href":"https:\/\/www.schimmel-pianos.de\/fr\/wp-json\/wp\/v2\/pages\/6058","targetHints":{"allow":["GET"]}}],"collection":[{"href":"https:\/\/www.schimmel-pianos.de\/fr\/wp-json\/wp\/v2\/pages"}],"about":[{"href":"https:\/\/www.schimmel-pianos.de\/fr\/wp-json\/wp\/v2\/types\/page"}],"author":[{"embeddable":true,"href":"https:\/\/www.schimmel-pianos.de\/fr\/wp-json\/wp\/v2\/users\/3"}],"replies":[{"embeddable":true,"href":"https:\/\/www.schimmel-pianos.de\/fr\/wp-json\/wp\/v2\/comments?post=6058"}],"version-history":[{"count":6,"href":"https:\/\/www.schimmel-pianos.de\/fr\/wp-json\/wp\/v2\/pages\/6058\/revisions"}],"predecessor-version":[{"id":21674,"href":"https:\/\/www.schimmel-pianos.de\/fr\/wp-json\/wp\/v2\/pages\/6058\/revisions\/21674"}],"wp:attachment":[{"href":"https:\/\/www.schimmel-pianos.de\/fr\/wp-json\/wp\/v2\/media?parent=6058"}],"curies":[{"name":"wp","href":"https:\/\/api.w.org\/{rel}","templated":true}]}}