{"id":6067,"date":"2022-07-20T13:24:57","date_gmt":"2022-07-20T13:24:57","guid":{"rendered":"https:\/\/schimmel-piano.gdstest.de\/?page_id=6067"},"modified":"2024-06-05T12:54:23","modified_gmt":"2024-06-05T12:54:23","slug":"rechtliche-hinweise","status":"publish","type":"page","link":"https:\/\/www.schimmel-pianos.de\/fr\/rechtliche-hinweise\/","title":{"rendered":"Mentions l\u00e9gales"},"content":{"rendered":"<div data-elementor-type=\"wp-page\" data-elementor-id=\"6067\" class=\"elementor elementor-6067\" data-elementor-post-type=\"page\">\n\t\t\t\t\t\t<section data-dce-background-color=\"#FFFFFF\" class=\"elementor-section elementor-top-section elementor-element elementor-element-5d2ba167 elementor-section-boxed elementor-section-height-default elementor-section-height-default\" data-id=\"5d2ba167\" data-element_type=\"section\" data-e-type=\"section\" data-settings=\"{&quot;background_background&quot;:&quot;classic&quot;}\">\n\t\t\t\t\t\t<div class=\"elementor-container elementor-column-gap-default\">\n\t\t\t\t\t<div class=\"elementor-column elementor-col-100 elementor-top-column elementor-element elementor-element-20e3e8b8\" data-id=\"20e3e8b8\" data-element_type=\"column\" data-e-type=\"column\">\n\t\t\t<div class=\"elementor-widget-wrap elementor-element-populated\">\n\t\t\t\t\t\t<div class=\"elementor-element elementor-element-603a4845 elementor-widget elementor-widget-spacer\" data-id=\"603a4845\" data-element_type=\"widget\" data-e-type=\"widget\" data-widget_type=\"spacer.default\">\n\t\t\t\t<div class=\"elementor-widget-container\">\n\t\t\t\t\t\t\t<div class=\"elementor-spacer\">\n\t\t\t<div class=\"elementor-spacer-inner\"><\/div>\n\t\t<\/div>\n\t\t\t\t\t\t<\/div>\n\t\t\t\t<\/div>\n\t\t\t\t<div class=\"elementor-element elementor-element-73f13731 elementor-widget elementor-widget-heading\" data-id=\"73f13731\" data-element_type=\"widget\" data-e-type=\"widget\" data-widget_type=\"heading.default\">\n\t\t\t\t<div class=\"elementor-widget-container\">\n\t\t\t\t\t<h1 class=\"elementor-heading-title elementor-size-default\">Mentions l\u00e9gales<\/h1>\t\t\t\t<\/div>\n\t\t\t\t<\/div>\n\t\t\t\t<div class=\"elementor-element elementor-element-61a06b8d elementor-widget elementor-widget-spacer\" data-id=\"61a06b8d\" data-element_type=\"widget\" data-e-type=\"widget\" data-widget_type=\"spacer.default\">\n\t\t\t\t<div class=\"elementor-widget-container\">\n\t\t\t\t\t\t\t<div class=\"elementor-spacer\">\n\t\t\t<div class=\"elementor-spacer-inner\"><\/div>\n\t\t<\/div>\n\t\t\t\t\t\t<\/div>\n\t\t\t\t<\/div>\n\t\t\t\t<div class=\"elementor-element elementor-element-6936b6e4 elementor-widget elementor-widget-text-editor\" data-id=\"6936b6e4\" data-element_type=\"widget\" data-e-type=\"widget\" data-widget_type=\"text-editor.default\">\n\t\t\t\t<div class=\"elementor-widget-container\">\n\t\t\t\t\t\t\t\t\t<p><strong> Informations g\u00e9n\u00e9rales<\/strong><\/p><p>\u00a0<\/p><p>Schimmel attire express\u00e9ment l'attention des visiteurs de ses pages Internet sur le fait que le design, l'aspect, la finition et la construction des instruments peuvent \u00eatre modifi\u00e9s \u00e0 tout moment et sans obligation d'actualisation des informations figurant sur les diff\u00e9rentes pages Internet et qu'ils peuvent diff\u00e9rer des repr\u00e9sentations figurant sur les diff\u00e9rentes pages Internet. Sont \u00e9galement r\u00e9serv\u00e9es les modifications, restrictions et extensions des mod\u00e8les disponibles (essences de bois, teintes, surfaces) mentionn\u00e9s sur les pages web. De telles modifications et d'\u00e9ventuelles divergences par rapport aux illustrations et\/ou descriptions pr\u00e9sent\u00e9es n'impliquent aucune obligation de la part des revendeurs agr\u00e9\u00e9s Schimmel, ni de la part de Schimmel, de verser des dommages et int\u00e9r\u00eats, de proc\u00e9der \u00e0 des r\u00e9parations ou de remplacer des instruments d\u00e9j\u00e0 livr\u00e9s ou devant encore l'\u00eatre.<\/p><p>Les descriptions et les illustrations peuvent diff\u00e9rer des r\u00e9alisations r\u00e9elles. Des diff\u00e9rences de teintes et de structures de bois sont possibles et sont dues \u00e0 la nature du mat\u00e9riau bois et au type de m\u00e9dia qu'est Internet.<\/p><p>\u00a0<\/p><p><strong>\u00a9 Copyright<\/strong><\/p><p>\u00a0<\/p><p>Tous droits r\u00e9serv\u00e9s. Tous les droits d\u2019auteur et droits d\u2019utilisation des textes et des images de ce site Web sont d\u00e9tenus par Schimmel. L\u2019utilisation de textes et d\u2019images de ce site Web, y compris des extraits ou sous une forme utilis\u00e9e \u00e0 des fins autres que celles pr\u00e9vues, n\u2019est pas autoris\u00e9e et fait l\u2019objet d\u2019un accord \u00e9crit contraire sp\u00e9cifique avec Schimmel.<\/p><p>Schimmel n\u2019offre aucune garantie quant \u00e0 l\u2019exactitude, l\u2019exhaustivit\u00e9 et l\u2019actualit\u00e9 des informations contenues sur ce site. Les informations contenues sur ce site Web ont \u00e9t\u00e9 compil\u00e9es par Schimmel au meilleur des connaissances de l\u2019entreprise et contr\u00f4l\u00e9es. Schimmel d\u00e9cline toute responsabilit\u00e9 pour les dommages r\u00e9sultant de l\u2019utilisation des informations, \u00e0 condition qu\u2019aucune n\u00e9gligence intentionnelle ou grave d\u00e9montrable ne puisse \u00eatre \u00e9tablie de la part de Schimmel.<\/p><p>Schimmel se r\u00e9serve le droit sp\u00e9cifique de modifier, compl\u00e9ter ou supprimer tout ou partie du contenu de ce site Web ou d\u2019interrompre sa publication\/distribution, temporairement ou d\u00e9finitivement.<\/p><p>\u00a0<\/p><p><strong>Conditions d\u2019achat<\/strong><\/p><p><a href=\"https:\/\/www.schimmel-pianos.de\/wp-content\/uploads\/2023\/01\/15-07_Einkaufsbedingungen_WSP_E.pdf\" target=\"_blank\" rel=\"noopener\">Wilhelm Schimmel Pianofortefabrik GmbH<\/a><\/p><p>\u00a0<\/p><p><strong>Conditions g\u00e9n\u00e9rales de livraison et de paiement<\/strong><\/p><p><a href=\"https:\/\/www.schimmel-pianos.de\/wp-content\/uploads\/2023\/01\/18-04_AGB_WSP_E.pdf\" target=\"_blank\" rel=\"noopener\">Wilhelm Schimmel Pianofortefabrik GmbH<\/a><\/p>\t\t\t\t\t\t\t\t<\/div>\n\t\t\t\t<\/div>\n\t\t\t\t<div class=\"elementor-element elementor-element-12580988 elementor-widget elementor-widget-spacer\" data-id=\"12580988\" data-element_type=\"widget\" data-e-type=\"widget\" data-widget_type=\"spacer.default\">\n\t\t\t\t<div class=\"elementor-widget-container\">\n\t\t\t\t\t\t\t<div class=\"elementor-spacer\">\n\t\t\t<div class=\"elementor-spacer-inner\"><\/div>\n\t\t<\/div>\n\t\t\t\t\t\t<\/div>\n\t\t\t\t<\/div>\n\t\t\t\t<div data-dce-title-color=\"#000000\" class=\"elementor-element elementor-element-135ed80 elementor-hidden-desktop elementor-hidden-tablet_extra elementor-hidden-tablet elementor-hidden-mobile elementor-widget elementor-widget-toggle\" data-id=\"135ed80\" data-element_type=\"widget\" data-e-type=\"widget\" data-widget_type=\"toggle.default\">\n\t\t\t\t<div class=\"elementor-widget-container\">\n\t\t\t\t\t\t\t<div class=\"elementor-toggle\">\n\t\t\t\t\t\t\t<div class=\"elementor-toggle-item\">\n\t\t\t\t\t<div id=\"elementor-tab-title-2031\" class=\"elementor-tab-title\" data-tab=\"1\" role=\"button\" aria-controls=\"elementor-tab-content-2031\" aria-expanded=\"false\">\n\t\t\t\t\t\t\t\t\t\t\t\t<a class=\"elementor-toggle-title\" tabindex=\"0\">Moins<\/a>\n\t\t\t\t\t<\/div>\n\n\t\t\t\t\t<div id=\"elementor-tab-content-2031\" class=\"elementor-tab-content elementor-clearfix\" data-tab=\"1\" role=\"region\" aria-labelledby=\"elementor-tab-title-2031\"><\/div>\n\t\t\t\t<\/div>\n\t\t\t\t\t\t\t\t<\/div>\n\t\t\t\t\t\t<\/div>\n\t\t\t\t<\/div>\n\t\t\t\t\t<\/div>\n\t\t<\/div>\n\t\t\t\t\t<\/div>\n\t\t<\/section>\n\t\t\t\t<\/div>","protected":false},"excerpt":{"rendered":"<p>Rechtliche Hinweise Haftungsausschluss \u00a0 Schimmel macht die Besucher seiner Internetseiten ausdr\u00fccklich darauf aufmerksam, dass jederzeit und ohne Verpflichtung zur Aktualisierung der Informationen auf einzelnen Webseiten \u00c4nderungen in Design, Aussehen, Verarbeitung und Konstruktion der Instrumente vorbehalten sind und von den Darstellungen auf den einzelnen Webseiten abweichen k\u00f6nnen. Vorbehalten sind au\u00dferdem \u00c4nderungen, Einschr\u00e4nkungen und Erweiterungen der auf [&hellip;]<\/p>\n","protected":false},"author":3,"featured_media":0,"parent":0,"menu_order":0,"comment_status":"closed","ping_status":"closed","template":"elementor_header_footer","meta":{"footnotes":""},"class_list":["post-6067","page","type-page","status-publish","hentry"],"yoast_head":"<!-- This site is optimized with the Yoast SEO plugin v27.4 - https:\/\/yoast.com\/product\/yoast-seo-wordpress\/ -->\n<title>Rechtliche Hinweise - Schimmel Piano<\/title>\n<meta name=\"description\" content=\"Auf dieser Seite finden Sie die rechtlichen Hinweise von Schimmel Pianos: Haftungsausschluss, geistiges Eigentum, Einkaufsbedingungen, AGBs\" \/>\n<meta name=\"robots\" content=\"index, follow, max-snippet:-1, max-image-preview:large, max-video-preview:-1\" \/>\n<link rel=\"canonical\" href=\"https:\/\/www.schimmel-pianos.de\/fr\/rechtliche-hinweise\/\" \/>\n<meta property=\"og:locale\" content=\"fr_FR\" \/>\n<meta property=\"og:type\" content=\"article\" \/>\n<meta property=\"og:title\" content=\"Rechtliche Hinweise - Schimmel Piano\" \/>\n<meta property=\"og:description\" content=\"Auf dieser Seite finden Sie die rechtlichen Hinweise von Schimmel Pianos: Haftungsausschluss, geistiges Eigentum, Einkaufsbedingungen, AGBs\" \/>\n<meta property=\"og:url\" content=\"https:\/\/www.schimmel-pianos.de\/fr\/rechtliche-hinweise\/\" \/>\n<meta property=\"og:site_name\" content=\"Schimmel Piano\" \/>\n<meta property=\"article:publisher\" content=\"https:\/\/www.facebook.com\/SchimmelPianos\" \/>\n<meta property=\"article:modified_time\" content=\"2024-06-05T12:54:23+00:00\" \/>\n<meta property=\"og:image\" content=\"https:\/\/www.schimmel-pianos.de\/wp-content\/uploads\/2022\/06\/12_Schimmel_Spielende_Haende_Titelbild-1.webp\" \/>\n\t<meta property=\"og:image:width\" content=\"2500\" \/>\n\t<meta property=\"og:image:height\" content=\"1500\" \/>\n\t<meta property=\"og:image:type\" content=\"image\/webp\" \/>\n<meta name=\"twitter:card\" content=\"summary_large_image\" \/>\n<meta name=\"twitter:site\" content=\"@SchimmelPianos\" \/>\n<meta name=\"twitter:label1\" content=\"Dur\u00e9e de lecture estim\u00e9e\" \/>\n\t<meta name=\"twitter:data1\" content=\"2 minutes\" \/>\n<script type=\"application\/ld+json\" class=\"yoast-schema-graph\">{\"@context\":\"https:\\\/\\\/schema.org\",\"@graph\":[{\"@type\":\"WebPage\",\"@id\":\"https:\\\/\\\/www.schimmel-pianos.de\\\/rechtliche-hinweise\\\/\",\"url\":\"https:\\\/\\\/www.schimmel-pianos.de\\\/rechtliche-hinweise\\\/\",\"name\":\"Rechtliche Hinweise - Schimmel Piano\",\"isPartOf\":{\"@id\":\"https:\\\/\\\/www.schimmel-pianos.de\\\/en\\\/#website\"},\"datePublished\":\"2022-07-20T13:24:57+00:00\",\"dateModified\":\"2024-06-05T12:54:23+00:00\",\"description\":\"Auf dieser Seite finden Sie die rechtlichen Hinweise von Schimmel Pianos: Haftungsausschluss, geistiges Eigentum, Einkaufsbedingungen, AGBs\",\"breadcrumb\":{\"@id\":\"https:\\\/\\\/www.schimmel-pianos.de\\\/rechtliche-hinweise\\\/#breadcrumb\"},\"inLanguage\":\"fr-FR\",\"potentialAction\":[{\"@type\":\"ReadAction\",\"target\":[\"https:\\\/\\\/www.schimmel-pianos.de\\\/rechtliche-hinweise\\\/\"]}]},{\"@type\":\"BreadcrumbList\",\"@id\":\"https:\\\/\\\/www.schimmel-pianos.de\\\/rechtliche-hinweise\\\/#breadcrumb\",\"itemListElement\":[{\"@type\":\"ListItem\",\"position\":1,\"name\":\"Home\",\"item\":\"https:\\\/\\\/www.schimmel-pianos.de\\\/\"},{\"@type\":\"ListItem\",\"position\":2,\"name\":\"Rechtliche Hinweise\"}]},{\"@type\":\"WebSite\",\"@id\":\"https:\\\/\\\/www.schimmel-pianos.de\\\/en\\\/#website\",\"url\":\"https:\\\/\\\/www.schimmel-pianos.de\\\/en\\\/\",\"name\":\"Schimmel Pianos\",\"description\":\"Crafting pianos with passion in Germany - since 1885.\",\"publisher\":{\"@id\":\"https:\\\/\\\/www.schimmel-pianos.de\\\/en\\\/#organization\"},\"alternateName\":\"Schimmel Piano\",\"potentialAction\":[{\"@type\":\"SearchAction\",\"target\":{\"@type\":\"EntryPoint\",\"urlTemplate\":\"https:\\\/\\\/www.schimmel-pianos.de\\\/en\\\/?s={search_term_string}\"},\"query-input\":{\"@type\":\"PropertyValueSpecification\",\"valueRequired\":true,\"valueName\":\"search_term_string\"}}],\"inLanguage\":\"fr-FR\"},{\"@type\":\"Organization\",\"@id\":\"https:\\\/\\\/www.schimmel-pianos.de\\\/en\\\/#organization\",\"name\":\"Wilhelm Schimmel Pianofortefabrik GmbH\",\"url\":\"https:\\\/\\\/www.schimmel-pianos.de\\\/en\\\/\",\"logo\":{\"@type\":\"ImageObject\",\"inLanguage\":\"fr-FR\",\"@id\":\"https:\\\/\\\/www.schimmel-pianos.de\\\/en\\\/#\\\/schema\\\/logo\\\/image\\\/\",\"url\":\"https:\\\/\\\/www.schimmel-pianos.de\\\/wp-content\\\/uploads\\\/2022\\\/04\\\/Schimmel_Logo.webp\",\"contentUrl\":\"https:\\\/\\\/www.schimmel-pianos.de\\\/wp-content\\\/uploads\\\/2022\\\/04\\\/Schimmel_Logo.webp\",\"width\":150,\"height\":50,\"caption\":\"Wilhelm Schimmel Pianofortefabrik GmbH\"},\"image\":{\"@id\":\"https:\\\/\\\/www.schimmel-pianos.de\\\/en\\\/#\\\/schema\\\/logo\\\/image\\\/\"},\"sameAs\":[\"https:\\\/\\\/www.facebook.com\\\/SchimmelPianos\",\"https:\\\/\\\/x.com\\\/SchimmelPianos\",\"https:\\\/\\\/www.instagram.com\\\/schimmelpianos\\\/\",\"https:\\\/\\\/m.youtube.com\\\/c\\\/SchimmelPianosOfficial\"]}]}<\/script>\n<!-- \/ Yoast SEO plugin. -->","yoast_head_json":{"title":"Mentions l\u00e9gales - Piano Schimmel","description":"Vous trouverez sur cette page les mentions l\u00e9gales de Schimmel Pianos : clause de non-responsabilit\u00e9, propri\u00e9t\u00e9 intellectuelle, conditions d'achat, conditions g\u00e9n\u00e9rales de vente.","robots":{"index":"index","follow":"follow","max-snippet":"max-snippet:-1","max-image-preview":"max-image-preview:large","max-video-preview":"max-video-preview:-1"},"canonical":"https:\/\/www.schimmel-pianos.de\/fr\/rechtliche-hinweise\/","og_locale":"fr_FR","og_type":"article","og_title":"Rechtliche Hinweise - Schimmel Piano","og_description":"Auf dieser Seite finden Sie die rechtlichen Hinweise von Schimmel Pianos: Haftungsausschluss, geistiges Eigentum, Einkaufsbedingungen, AGBs","og_url":"https:\/\/www.schimmel-pianos.de\/fr\/rechtliche-hinweise\/","og_site_name":"Schimmel Piano","article_publisher":"https:\/\/www.facebook.com\/SchimmelPianos","article_modified_time":"2024-06-05T12:54:23+00:00","og_image":[{"width":2500,"height":1500,"url":"https:\/\/www.schimmel-pianos.de\/wp-content\/uploads\/2022\/06\/12_Schimmel_Spielende_Haende_Titelbild-1.webp","type":"image\/webp"}],"twitter_card":"summary_large_image","twitter_site":"@SchimmelPianos","twitter_misc":{"Dur\u00e9e de lecture estim\u00e9e":"2 minutes"},"schema":{"@context":"https:\/\/schema.org","@graph":[{"@type":"WebPage","@id":"https:\/\/www.schimmel-pianos.de\/rechtliche-hinweise\/","url":"https:\/\/www.schimmel-pianos.de\/rechtliche-hinweise\/","name":"Mentions l\u00e9gales - Piano Schimmel","isPartOf":{"@id":"https:\/\/www.schimmel-pianos.de\/en\/#website"},"datePublished":"2022-07-20T13:24:57+00:00","dateModified":"2024-06-05T12:54:23+00:00","description":"Vous trouverez sur cette page les mentions l\u00e9gales de Schimmel Pianos : clause de non-responsabilit\u00e9, propri\u00e9t\u00e9 intellectuelle, conditions d'achat, conditions g\u00e9n\u00e9rales de vente.","breadcrumb":{"@id":"https:\/\/www.schimmel-pianos.de\/rechtliche-hinweise\/#breadcrumb"},"inLanguage":"fr-FR","potentialAction":[{"@type":"ReadAction","target":["https:\/\/www.schimmel-pianos.de\/rechtliche-hinweise\/"]}]},{"@type":"BreadcrumbList","@id":"https:\/\/www.schimmel-pianos.de\/rechtliche-hinweise\/#breadcrumb","itemListElement":[{"@type":"ListItem","position":1,"name":"Home","item":"https:\/\/www.schimmel-pianos.de\/"},{"@type":"ListItem","position":2,"name":"Rechtliche Hinweise"}]},{"@type":"WebSite","@id":"https:\/\/www.schimmel-pianos.de\/en\/#website","url":"https:\/\/www.schimmel-pianos.de\/en\/","name":"Pianos Schimmel","description":"Fabriquer des pianos en Allemagne avec passion - depuis 1885","publisher":{"@id":"https:\/\/www.schimmel-pianos.de\/en\/#organization"},"alternateName":"Schimmel Piano","potentialAction":[{"@type":"SearchAction","target":{"@type":"EntryPoint","urlTemplate":"https:\/\/www.schimmel-pianos.de\/en\/?s={search_term_string}"},"query-input":{"@type":"PropertyValueSpecification","valueRequired":true,"valueName":"search_term_string"}}],"inLanguage":"fr-FR"},{"@type":"Organization","@id":"https:\/\/www.schimmel-pianos.de\/en\/#organization","name":"Wilhelm Schimmel Pianofortefabrik GmbH","url":"https:\/\/www.schimmel-pianos.de\/en\/","logo":{"@type":"ImageObject","inLanguage":"fr-FR","@id":"https:\/\/www.schimmel-pianos.de\/en\/#\/schema\/logo\/image\/","url":"https:\/\/www.schimmel-pianos.de\/wp-content\/uploads\/2022\/04\/Schimmel_Logo.webp","contentUrl":"https:\/\/www.schimmel-pianos.de\/wp-content\/uploads\/2022\/04\/Schimmel_Logo.webp","width":150,"height":50,"caption":"Wilhelm Schimmel Pianofortefabrik GmbH"},"image":{"@id":"https:\/\/www.schimmel-pianos.de\/en\/#\/schema\/logo\/image\/"},"sameAs":["https:\/\/www.facebook.com\/SchimmelPianos","https:\/\/x.com\/SchimmelPianos","https:\/\/www.instagram.com\/schimmelpianos\/","https:\/\/m.youtube.com\/c\/SchimmelPianosOfficial"]}]}},"_links":{"self":[{"href":"https:\/\/www.schimmel-pianos.de\/fr\/wp-json\/wp\/v2\/pages\/6067","targetHints":{"allow":["GET"]}}],"collection":[{"href":"https:\/\/www.schimmel-pianos.de\/fr\/wp-json\/wp\/v2\/pages"}],"about":[{"href":"https:\/\/www.schimmel-pianos.de\/fr\/wp-json\/wp\/v2\/types\/page"}],"author":[{"embeddable":true,"href":"https:\/\/www.schimmel-pianos.de\/fr\/wp-json\/wp\/v2\/users\/3"}],"replies":[{"embeddable":true,"href":"https:\/\/www.schimmel-pianos.de\/fr\/wp-json\/wp\/v2\/comments?post=6067"}],"version-history":[{"count":5,"href":"https:\/\/www.schimmel-pianos.de\/fr\/wp-json\/wp\/v2\/pages\/6067\/revisions"}],"predecessor-version":[{"id":18106,"href":"https:\/\/www.schimmel-pianos.de\/fr\/wp-json\/wp\/v2\/pages\/6067\/revisions\/18106"}],"wp:attachment":[{"href":"https:\/\/www.schimmel-pianos.de\/fr\/wp-json\/wp\/v2\/media?parent=6067"}],"curies":[{"name":"wp","href":"https:\/\/api.w.org\/{rel}","templated":true}]}}