{"id":9363,"date":"2022-11-21T14:25:31","date_gmt":"2022-11-21T14:25:31","guid":{"rendered":"https:\/\/schimmel-piano.gdstest.de\/?page_id=9363"},"modified":"2025-07-03T11:54:01","modified_gmt":"2025-07-03T11:54:01","slug":"references-2","status":"publish","type":"page","link":"https:\/\/www.schimmel-pianos.de\/fr\/referenzen\/","title":{"rendered":"R\u00e9f\u00e9rences"},"content":{"rendered":"<div data-elementor-type=\"wp-page\" data-elementor-id=\"9363\" class=\"elementor elementor-9363\" data-elementor-post-type=\"page\">\n\t\t\t\t\t\t<section class=\"elementor-section elementor-top-section elementor-element elementor-element-3bb7fd4c elementor-section-full_width elementor-reverse-mobile elementor-section-height-default elementor-section-height-default\" data-id=\"3bb7fd4c\" data-element_type=\"section\" data-e-type=\"section\" data-settings=\"{&quot;background_background&quot;:&quot;classic&quot;}\">\n\t\t\t\t\t\t<div class=\"elementor-container elementor-column-gap-no\">\n\t\t\t\t\t<div data-dce-background-color=\"#FFFFFF80\" class=\"elementor-column elementor-col-100 elementor-top-column elementor-element elementor-element-fab6bbf\" data-id=\"fab6bbf\" data-element_type=\"column\" data-e-type=\"column\" data-settings=\"{&quot;background_background&quot;:&quot;classic&quot;}\">\n\t\t\t<div class=\"elementor-widget-wrap elementor-element-populated\">\n\t\t\t\t\t\t<div class=\"elementor-element elementor-element-45070a85 hero-image elementor-widget elementor-widget-image\" data-id=\"45070a85\" data-element_type=\"widget\" data-e-type=\"widget\" data-widget_type=\"image.default\">\n\t\t\t\t<div class=\"elementor-widget-container\">\n\t\t\t\t\t\t\t\t\t\t\t\t\t\t\t<img loading=\"lazy\" decoding=\"async\" width=\"2500\" height=\"1500\" src=\"https:\/\/www.schimmel-pianos.de\/wp-content\/uploads\/2022\/12\/16_Schimmel_Referenzen_Titelbild_2.webp\" class=\"attachment-full size-full wp-image-10262\" alt=\"Schimmel Referenzen Titelbild\" srcset=\"https:\/\/www.schimmel-pianos.de\/wp-content\/uploads\/2022\/12\/16_Schimmel_Referenzen_Titelbild_2.webp 2500w, https:\/\/www.schimmel-pianos.de\/wp-content\/uploads\/2022\/12\/16_Schimmel_Referenzen_Titelbild_2-300x180.webp 300w, https:\/\/www.schimmel-pianos.de\/wp-content\/uploads\/2022\/12\/16_Schimmel_Referenzen_Titelbild_2-1024x614.webp 1024w, https:\/\/www.schimmel-pianos.de\/wp-content\/uploads\/2022\/12\/16_Schimmel_Referenzen_Titelbild_2-768x461.webp 768w, https:\/\/www.schimmel-pianos.de\/wp-content\/uploads\/2022\/12\/16_Schimmel_Referenzen_Titelbild_2-1536x922.webp 1536w, https:\/\/www.schimmel-pianos.de\/wp-content\/uploads\/2022\/12\/16_Schimmel_Referenzen_Titelbild_2-2048x1229.webp 2048w, https:\/\/www.schimmel-pianos.de\/wp-content\/uploads\/2022\/12\/16_Schimmel_Referenzen_Titelbild_2-18x12.webp 18w, https:\/\/www.schimmel-pianos.de\/wp-content\/uploads\/2022\/12\/16_Schimmel_Referenzen_Titelbild_2-1568x941.webp 1568w\" sizes=\"auto, (max-width: 2500px) 100vw, 2500px\" \/>\t\t\t\t\t\t\t\t\t\t\t\t\t\t\t<\/div>\n\t\t\t\t<\/div>\n\t\t\t\t\t<\/div>\n\t\t<\/div>\n\t\t\t\t\t<\/div>\n\t\t<\/section>\n\t\t\t\t<section class=\"elementor-section elementor-top-section elementor-element elementor-element-040f852 elementor-section-boxed elementor-section-height-default elementor-section-height-default\" data-id=\"040f852\" data-element_type=\"section\" data-e-type=\"section\" data-settings=\"{&quot;background_background&quot;:&quot;classic&quot;}\">\n\t\t\t\t\t\t<div class=\"elementor-container elementor-column-gap-default\">\n\t\t\t\t\t<div class=\"elementor-column elementor-col-100 elementor-top-column elementor-element elementor-element-b8cbee1\" data-id=\"b8cbee1\" data-element_type=\"column\" data-e-type=\"column\">\n\t\t\t<div class=\"elementor-widget-wrap elementor-element-populated\">\n\t\t\t\t\t\t<div class=\"elementor-element elementor-element-50ac6c4 elementor-widget-divider--view-line elementor-widget elementor-widget-divider\" data-id=\"50ac6c4\" data-element_type=\"widget\" data-e-type=\"widget\" data-widget_type=\"divider.default\">\n\t\t\t\t<div class=\"elementor-widget-container\">\n\t\t\t\t\t\t\t<div class=\"elementor-divider\">\n\t\t\t<span class=\"elementor-divider-separator\">\n\t\t\t\t\t\t<\/span>\n\t\t<\/div>\n\t\t\t\t\t\t<\/div>\n\t\t\t\t<\/div>\n\t\t\t\t<div class=\"elementor-element elementor-element-2399ea1 elementor-widget elementor-widget-spacer\" data-id=\"2399ea1\" data-element_type=\"widget\" data-e-type=\"widget\" data-widget_type=\"spacer.default\">\n\t\t\t\t<div class=\"elementor-widget-container\">\n\t\t\t\t\t\t\t<div class=\"elementor-spacer\">\n\t\t\t<div class=\"elementor-spacer-inner\"><\/div>\n\t\t<\/div>\n\t\t\t\t\t\t<\/div>\n\t\t\t\t<\/div>\n\t\t\t\t<div class=\"elementor-element elementor-element-2ef31827 elementor-widget elementor-widget-heading\" data-id=\"2ef31827\" data-element_type=\"widget\" data-e-type=\"widget\" data-widget_type=\"heading.default\">\n\t\t\t\t<div class=\"elementor-widget-container\">\n\t\t\t\t\t<h2 class=\"elementor-heading-title elementor-size-default\">SCHIMMEL<\/h2>\t\t\t\t<\/div>\n\t\t\t\t<\/div>\n\t\t\t\t<div class=\"elementor-element elementor-element-2459b308 elementor-widget elementor-widget-heading\" data-id=\"2459b308\" data-element_type=\"widget\" data-e-type=\"widget\" data-widget_type=\"heading.default\">\n\t\t\t\t<div class=\"elementor-widget-container\">\n\t\t\t\t\t<h1 class=\"elementor-heading-title elementor-size-default\">MONDIALES<\/h1>\t\t\t\t<\/div>\n\t\t\t\t<\/div>\n\t\t\t\t<div class=\"elementor-element elementor-element-266893de elementor-widget elementor-widget-heading\" data-id=\"266893de\" data-element_type=\"widget\" data-e-type=\"widget\" data-widget_type=\"heading.default\">\n\t\t\t\t<div class=\"elementor-widget-container\">\n\t\t\t\t\t<h2 class=\"elementor-heading-title elementor-size-default\">SCHIMMEL<\/h2>\t\t\t\t<\/div>\n\t\t\t\t<\/div>\n\t\t\t\t<div class=\"elementor-element elementor-element-65e8685 elementor-widget elementor-widget-spacer\" data-id=\"65e8685\" data-element_type=\"widget\" data-e-type=\"widget\" data-widget_type=\"spacer.default\">\n\t\t\t\t<div class=\"elementor-widget-container\">\n\t\t\t\t\t\t\t<div class=\"elementor-spacer\">\n\t\t\t<div class=\"elementor-spacer-inner\"><\/div>\n\t\t<\/div>\n\t\t\t\t\t\t<\/div>\n\t\t\t\t<\/div>\n\t\t\t\t<div class=\"elementor-element elementor-element-601bd831 elementor-widget elementor-widget-text-editor\" data-id=\"601bd831\" data-element_type=\"widget\" data-e-type=\"widget\" data-widget_type=\"text-editor.default\">\n\t\t\t\t<div class=\"elementor-widget-container\">\n\t\t\t\t\t\t\t\t\t<p>Il y a de nombreuses raisons pour lesquelles les instruments Schimmel sont depuis des d\u00e9cennies les pianos droits et \u00e0 queue de fabrication allemande les plus jou\u00e9s. Notamment, les nombreuses innovations gr\u00e2ce auxquelles les pianistes ont toujours d'excellentes sensation de jeu et le son d'un grand piano \u00e0 queue de concert, m\u00eame sur les plus petits pianos Schimmel.<\/p>\t\t\t\t\t\t\t\t<\/div>\n\t\t\t\t<\/div>\n\t\t\t\t<div class=\"elementor-element elementor-element-43a9b9b3 readmoretoggle elementor-widget elementor-widget-toggle\" data-id=\"43a9b9b3\" data-element_type=\"widget\" data-e-type=\"widget\" data-widget_type=\"toggle.default\">\n\t\t\t\t<div class=\"elementor-widget-container\">\n\t\t\t\t\t\t\t<div class=\"elementor-toggle\">\n\t\t\t\t\t\t\t<div class=\"elementor-toggle-item\">\n\t\t\t\t\t<div id=\"elementor-tab-title-1131\" class=\"elementor-tab-title\" data-tab=\"1\" role=\"button\" aria-controls=\"elementor-tab-content-1131\" aria-expanded=\"false\">\n\t\t\t\t\t\t\t\t\t\t\t\t<span class=\"elementor-toggle-icon elementor-toggle-icon-left\" aria-hidden=\"true\">\n\t\t\t\t\t\t\t\t\t\t\t\t\t\t\t<span class=\"elementor-toggle-icon-closed\"><svg class=\"e-font-icon-svg e-fas-caret-down\" viewbox=\"0 0 320 512\" xmlns=\"http:\/\/www.w3.org\/2000\/svg\"><path d=\"M31.3 192h257.3c17.8 0 26.7 21.5 14.1 34.1L174.1 354.8c-7.8 7.8-20.5 7.8-28.3 0L17.2 226.1C4.6 213.5 13.5 192 31.3 192z\"><\/path><\/svg><\/span>\n\t\t\t\t\t\t\t\t<span class=\"elementor-toggle-icon-opened\"><svg class=\"elementor-toggle-icon-opened e-font-icon-svg e-fas-caret-up\" viewbox=\"0 0 320 512\" xmlns=\"http:\/\/www.w3.org\/2000\/svg\"><path d=\"M288.662 352H31.338c-17.818 0-26.741-21.543-14.142-34.142l128.662-128.662c7.81-7.81 20.474-7.81 28.284 0l128.662 128.662c12.6 12.599 3.676 34.142-14.142 34.142z\"><\/path><\/svg><\/span>\n\t\t\t\t\t\t\t\t\t\t\t\t\t<\/span>\n\t\t\t\t\t\t\t\t\t\t\t\t<a class=\"elementor-toggle-title\" tabindex=\"0\">Plus\u2026<\/a>\n\t\t\t\t\t<\/div>\n\n\t\t\t\t\t<div id=\"elementor-tab-content-1131\" class=\"elementor-tab-content elementor-clearfix\" data-tab=\"1\" role=\"region\" aria-labelledby=\"elementor-tab-title-1131\"><p>Ou les nombreuses distinctions qui ont fait de Schimmel le piano le plus prim\u00e9. Mais \u00e9galement, nos meubles aux designs ind\u00e9modables, r\u00e9compens\u00e9s par un grand nombre de prix de design. Mais avant tout, il y a la passion de cr\u00e9er des instruments fascinants - des \u0153uvres d'art musicales qui durent et qui se fondent avec les exigences pianistiques en une musique d'une beaut\u00e9 et d'une inspiration uniques. La liste de r\u00e9f\u00e9rences Schimmel pr\u00e9sente une s\u00e9lection d'artistes qui ont donn\u00e9 des concerts ou enregistr\u00e9 sur un instrument Schimmel, ainsi que des institutions qui collaborent avec Schimmel.<\/p><\/div>\n\t\t\t\t<\/div>\n\t\t\t\t\t\t\t\t<\/div>\n\t\t\t\t\t\t<\/div>\n\t\t\t\t<\/div>\n\t\t\t\t<div class=\"elementor-element elementor-element-4516b46 elementor-widget elementor-widget-spacer\" data-id=\"4516b46\" data-element_type=\"widget\" data-e-type=\"widget\" data-widget_type=\"spacer.default\">\n\t\t\t\t<div class=\"elementor-widget-container\">\n\t\t\t\t\t\t\t<div class=\"elementor-spacer\">\n\t\t\t<div class=\"elementor-spacer-inner\"><\/div>\n\t\t<\/div>\n\t\t\t\t\t\t<\/div>\n\t\t\t\t<\/div>\n\t\t\t\t<div class=\"elementor-element elementor-element-4ceb62a elementor-widget-divider--view-line elementor-widget elementor-widget-divider\" data-id=\"4ceb62a\" data-element_type=\"widget\" data-e-type=\"widget\" data-widget_type=\"divider.default\">\n\t\t\t\t<div class=\"elementor-widget-container\">\n\t\t\t\t\t\t\t<div class=\"elementor-divider\">\n\t\t\t<span class=\"elementor-divider-separator\">\n\t\t\t\t\t\t<\/span>\n\t\t<\/div>\n\t\t\t\t\t\t<\/div>\n\t\t\t\t<\/div>\n\t\t\t\t\t<\/div>\n\t\t<\/div>\n\t\t\t\t\t<\/div>\n\t\t<\/section>\n\t\t\t\t<section data-dce-background-overlay-color=\"#171717\" data-dce-background-image-url=\"https:\/\/www.schimmel-pianos.de\/wp-content\/uploads\/2022\/11\/16_Schimmel_Referenzen_Institutionen_Titelbild-1024x614.webp\" class=\"elementor-section elementor-top-section elementor-element elementor-element-440effc elementor-section-full_width elementor-section-height-default elementor-section-height-default\" data-id=\"440effc\" data-element_type=\"section\" data-e-type=\"section\" data-settings=\"{&quot;background_background&quot;:&quot;classic&quot;}\">\n\t\t\t\t\t\t\t<div class=\"elementor-background-overlay\"><\/div>\n\t\t\t\t\t\t\t<div class=\"elementor-container elementor-column-gap-default\">\n\t\t\t\t\t<div class=\"elementor-column elementor-col-100 elementor-top-column elementor-element elementor-element-01c6619\" data-id=\"01c6619\" data-element_type=\"column\" data-e-type=\"column\" data-settings=\"{&quot;background_background&quot;:&quot;gradient&quot;}\">\n\t\t\t<div class=\"elementor-widget-wrap elementor-element-populated\">\n\t\t\t\t\t\t<div data-dce-title-color=\"#FFFFFF\" class=\"elementor-element elementor-element-ef19ef5 elementor-cta--skin-cover elementor-cta--valign-middle elementor-widget elementor-widget-call-to-action\" data-id=\"ef19ef5\" data-element_type=\"widget\" data-e-type=\"widget\" data-widget_type=\"call-to-action.default\">\n\t\t\t\t<div class=\"elementor-widget-container\">\n\t\t\t\t\t\t\t<a class=\"elementor-cta\" href=\"https:\/\/www.schimmel-pianos.de\/fr\/references-2\/institutions\/\">\n\t\t\t\t\t<div class=\"elementor-cta__bg-wrapper\">\n\t\t\t\t<div class=\"elementor-cta__bg elementor-bg\" style=\"background-image: url();\" role=\"img\" aria-label=\"\"><\/div>\n\t\t\t\t<div class=\"elementor-cta__bg-overlay\"><\/div>\n\t\t\t<\/div>\n\t\t\t\t\t\t\t<div class=\"elementor-cta__content\">\n\t\t\t\t\n\t\t\t\t\t\t\t\t\t<h2 class=\"elementor-cta__title elementor-cta__content-item elementor-content-item\">\n\t\t\t\t\t\tSchimmel au sein des institutions\t\t\t\t\t<\/h2>\n\t\t\t\t\n\t\t\t\t\t\t\t\t\t<div class=\"elementor-cta__description elementor-cta__content-item elementor-content-item\">\n\t\t\t\t\t\tLes instruments Schimmel sont reconnus dans le monde entier, que ce soit dans les nombreuses salles de concert et coll\u00e8ges, les h\u00f4tels de luxe ou sur les yachts et autres lieux insolites.\t\t\t\t\t<\/div>\n\t\t\t\t\n\t\t\t\t\t\t\t\t\t<div class=\"elementor-cta__button-wrapper elementor-cta__content-item elementor-content-item\">\n\t\t\t\t\t<span class=\"elementor-cta__button elementor-button elementor-size-\">\n\t\t\t\t\t\tPlus\t\t\t\t\t<\/span>\n\t\t\t\t\t<\/div>\n\t\t\t\t\t\t\t<\/div>\n\t\t\t\t\t\t<\/a>\n\t\t\t\t\t\t<\/div>\n\t\t\t\t<\/div>\n\t\t\t\t\t<\/div>\n\t\t<\/div>\n\t\t\t\t\t<\/div>\n\t\t<\/section>\n\t\t\t\t<section data-dce-background-overlay-color=\"#171717\" data-dce-background-image-url=\"https:\/\/www.schimmel-pianos.de\/wp-content\/uploads\/2022\/08\/16_Schimmel_Referenzen_Titelbild-1024x614.webp\" class=\"elementor-section elementor-top-section elementor-element elementor-element-9752576 elementor-section-full_width elementor-section-height-default elementor-section-height-default\" data-id=\"9752576\" data-element_type=\"section\" data-e-type=\"section\" data-settings=\"{&quot;background_background&quot;:&quot;classic&quot;}\">\n\t\t\t\t\t\t\t<div class=\"elementor-background-overlay\"><\/div>\n\t\t\t\t\t\t\t<div class=\"elementor-container elementor-column-gap-default\">\n\t\t\t\t\t<div class=\"elementor-column elementor-col-100 elementor-top-column elementor-element elementor-element-9315e87\" data-id=\"9315e87\" data-element_type=\"column\" data-e-type=\"column\" data-settings=\"{&quot;background_background&quot;:&quot;gradient&quot;}\">\n\t\t\t<div class=\"elementor-widget-wrap elementor-element-populated\">\n\t\t\t\t\t\t<div data-dce-title-color=\"#FFFFFF\" class=\"elementor-element elementor-element-16d6202 elementor-cta--skin-cover elementor-cta--valign-middle elementor-widget elementor-widget-call-to-action\" data-id=\"16d6202\" data-element_type=\"widget\" data-e-type=\"widget\" data-widget_type=\"call-to-action.default\">\n\t\t\t\t<div class=\"elementor-widget-container\">\n\t\t\t\t\t\t\t<a class=\"elementor-cta\" href=\"https:\/\/www.schimmel-pianos.de\/fr\/references-2\/en-direct-des-concerts\/\">\n\t\t\t\t\t<div class=\"elementor-cta__bg-wrapper\">\n\t\t\t\t<div class=\"elementor-cta__bg elementor-bg\" style=\"background-image: url();\" role=\"img\" aria-label=\"\"><\/div>\n\t\t\t\t<div class=\"elementor-cta__bg-overlay\"><\/div>\n\t\t\t<\/div>\n\t\t\t\t\t\t\t<div class=\"elementor-cta__content\">\n\t\t\t\t\n\t\t\t\t\t\t\t\t\t<h2 class=\"elementor-cta__title elementor-cta__content-item elementor-content-item\">\n\t\t\t\t\t\tSchimmel en concert\t\t\t\t\t<\/h2>\n\t\t\t\t\n\t\t\t\t\t\t\t\t\t<div class=\"elementor-cta__description elementor-cta__content-item elementor-content-item\">\n\t\t\t\t\t\tD\u00e9couvrez l\u2019univers des artistes et la diversit\u00e9 des musiques cr\u00e9\u00e9es sur nos instruments\t\t\t\t\t<\/div>\n\t\t\t\t\n\t\t\t\t\t\t\t\t\t<div class=\"elementor-cta__button-wrapper elementor-cta__content-item elementor-content-item\">\n\t\t\t\t\t<span class=\"elementor-cta__button elementor-button elementor-size-\">\n\t\t\t\t\t\tPlus\t\t\t\t\t<\/span>\n\t\t\t\t\t<\/div>\n\t\t\t\t\t\t\t<\/div>\n\t\t\t\t\t\t<\/a>\n\t\t\t\t\t\t<\/div>\n\t\t\t\t<\/div>\n\t\t\t\t\t<\/div>\n\t\t<\/div>\n\t\t\t\t\t<\/div>\n\t\t<\/section>\n\t\t\t\t<\/div>","protected":false},"excerpt":{"rendered":"<p>SCHIMMEL REFERENZEN WELTWEIT Es gibt viele Gr\u00fcnde, warum Schimmel Instrumente seit Jahrzehnten die meistgespielten Klaviere und Fl\u00fcgel aus deutscher Produktion sind. Beispielsweise die zahlreichen Innovationen, durch die Pianisten auch auf den kleineren Schimmel Fl\u00fcgeln immer das Spielgef\u00fchl und die Klangfarben eines gro\u00dfen Konzertfl\u00fcgels haben. Mehr&#8230; Oder die vielen Auszeichnungen, die Schimmel zum meistpr\u00e4mierten Klavier avanciert [&hellip;]<\/p>\n","protected":false},"author":3,"featured_media":10262,"parent":0,"menu_order":0,"comment_status":"closed","ping_status":"closed","template":"elementor_header_footer","meta":{"footnotes":""},"class_list":["post-9363","page","type-page","status-publish","has-post-thumbnail","hentry"],"yoast_head":"<!-- This site is optimized with the Yoast SEO plugin v27.4 - https:\/\/yoast.com\/product\/yoast-seo-wordpress\/ -->\n<title>Referenzen - Schimmel Piano<\/title>\n<meta name=\"description\" content=\"Hier sehen Sie K\u00fcnstler, die auf Schimmel Pianos gespielt haben, sowie Institutionen, die sich f\u00fcr Schimmel entschieden haben.\" \/>\n<meta name=\"robots\" content=\"index, follow, max-snippet:-1, max-image-preview:large, max-video-preview:-1\" \/>\n<link rel=\"canonical\" href=\"https:\/\/www.schimmel-pianos.de\/fr\/references-2\/\" \/>\n<meta property=\"og:locale\" content=\"fr_FR\" \/>\n<meta property=\"og:type\" content=\"article\" \/>\n<meta property=\"og:title\" content=\"Referenzen - Schimmel Piano\" \/>\n<meta property=\"og:description\" content=\"Hier sehen Sie K\u00fcnstler, die auf Schimmel Pianos gespielt haben, sowie Institutionen, die sich f\u00fcr Schimmel entschieden haben.\" \/>\n<meta property=\"og:url\" content=\"https:\/\/www.schimmel-pianos.de\/fr\/references-2\/\" \/>\n<meta property=\"og:site_name\" content=\"Schimmel Piano\" \/>\n<meta property=\"article:publisher\" content=\"https:\/\/www.facebook.com\/SchimmelPianos\" \/>\n<meta property=\"article:modified_time\" content=\"2025-07-03T11:54:01+00:00\" \/>\n<meta property=\"og:image\" content=\"https:\/\/www.schimmel-pianos.de\/wp-content\/uploads\/2022\/12\/16_Schimmel_Referenzen_Titelbild_2.webp\" \/>\n\t<meta property=\"og:image:width\" content=\"2500\" \/>\n\t<meta property=\"og:image:height\" content=\"1500\" \/>\n\t<meta property=\"og:image:type\" content=\"image\/webp\" \/>\n<meta name=\"twitter:card\" content=\"summary_large_image\" \/>\n<meta name=\"twitter:site\" content=\"@SchimmelPianos\" \/>\n<meta name=\"twitter:label1\" content=\"Dur\u00e9e de lecture estim\u00e9e\" \/>\n\t<meta name=\"twitter:data1\" content=\"1 minute\" \/>\n<script type=\"application\/ld+json\" class=\"yoast-schema-graph\">{\"@context\":\"https:\\\/\\\/schema.org\",\"@graph\":[{\"@type\":\"WebPage\",\"@id\":\"https:\\\/\\\/www.schimmel-pianos.de\\\/referenzen\\\/\",\"url\":\"https:\\\/\\\/www.schimmel-pianos.de\\\/referenzen\\\/\",\"name\":\"Referenzen - Schimmel Piano\",\"isPartOf\":{\"@id\":\"https:\\\/\\\/www.schimmel-pianos.de\\\/en\\\/#website\"},\"primaryImageOfPage\":{\"@id\":\"https:\\\/\\\/www.schimmel-pianos.de\\\/referenzen\\\/#primaryimage\"},\"image\":{\"@id\":\"https:\\\/\\\/www.schimmel-pianos.de\\\/referenzen\\\/#primaryimage\"},\"thumbnailUrl\":\"https:\\\/\\\/www.schimmel-pianos.de\\\/wp-content\\\/uploads\\\/2022\\\/12\\\/16_Schimmel_Referenzen_Titelbild_2.webp\",\"datePublished\":\"2022-11-21T14:25:31+00:00\",\"dateModified\":\"2025-07-03T11:54:01+00:00\",\"description\":\"Hier sehen Sie K\u00fcnstler, die auf Schimmel Pianos gespielt haben, sowie Institutionen, die sich f\u00fcr Schimmel entschieden haben.\",\"breadcrumb\":{\"@id\":\"https:\\\/\\\/www.schimmel-pianos.de\\\/referenzen\\\/#breadcrumb\"},\"inLanguage\":\"fr-FR\",\"potentialAction\":[{\"@type\":\"ReadAction\",\"target\":[\"https:\\\/\\\/www.schimmel-pianos.de\\\/referenzen\\\/\"]}]},{\"@type\":\"ImageObject\",\"inLanguage\":\"fr-FR\",\"@id\":\"https:\\\/\\\/www.schimmel-pianos.de\\\/referenzen\\\/#primaryimage\",\"url\":\"https:\\\/\\\/www.schimmel-pianos.de\\\/wp-content\\\/uploads\\\/2022\\\/12\\\/16_Schimmel_Referenzen_Titelbild_2.webp\",\"contentUrl\":\"https:\\\/\\\/www.schimmel-pianos.de\\\/wp-content\\\/uploads\\\/2022\\\/12\\\/16_Schimmel_Referenzen_Titelbild_2.webp\",\"width\":2500,\"height\":1500,\"caption\":\"Schimmel Referenzen Titelbild\"},{\"@type\":\"BreadcrumbList\",\"@id\":\"https:\\\/\\\/www.schimmel-pianos.de\\\/referenzen\\\/#breadcrumb\",\"itemListElement\":[{\"@type\":\"ListItem\",\"position\":1,\"name\":\"Home\",\"item\":\"https:\\\/\\\/www.schimmel-pianos.de\\\/\"},{\"@type\":\"ListItem\",\"position\":2,\"name\":\"Referenzen\"}]},{\"@type\":\"WebSite\",\"@id\":\"https:\\\/\\\/www.schimmel-pianos.de\\\/en\\\/#website\",\"url\":\"https:\\\/\\\/www.schimmel-pianos.de\\\/en\\\/\",\"name\":\"Schimmel Pianos\",\"description\":\"Crafting pianos with passion in Germany - since 1885.\",\"publisher\":{\"@id\":\"https:\\\/\\\/www.schimmel-pianos.de\\\/en\\\/#organization\"},\"alternateName\":\"Schimmel Piano\",\"potentialAction\":[{\"@type\":\"SearchAction\",\"target\":{\"@type\":\"EntryPoint\",\"urlTemplate\":\"https:\\\/\\\/www.schimmel-pianos.de\\\/en\\\/?s={search_term_string}\"},\"query-input\":{\"@type\":\"PropertyValueSpecification\",\"valueRequired\":true,\"valueName\":\"search_term_string\"}}],\"inLanguage\":\"fr-FR\"},{\"@type\":\"Organization\",\"@id\":\"https:\\\/\\\/www.schimmel-pianos.de\\\/en\\\/#organization\",\"name\":\"Wilhelm Schimmel Pianofortefabrik GmbH\",\"url\":\"https:\\\/\\\/www.schimmel-pianos.de\\\/en\\\/\",\"logo\":{\"@type\":\"ImageObject\",\"inLanguage\":\"fr-FR\",\"@id\":\"https:\\\/\\\/www.schimmel-pianos.de\\\/en\\\/#\\\/schema\\\/logo\\\/image\\\/\",\"url\":\"https:\\\/\\\/www.schimmel-pianos.de\\\/wp-content\\\/uploads\\\/2022\\\/04\\\/Schimmel_Logo.webp\",\"contentUrl\":\"https:\\\/\\\/www.schimmel-pianos.de\\\/wp-content\\\/uploads\\\/2022\\\/04\\\/Schimmel_Logo.webp\",\"width\":150,\"height\":50,\"caption\":\"Wilhelm Schimmel Pianofortefabrik GmbH\"},\"image\":{\"@id\":\"https:\\\/\\\/www.schimmel-pianos.de\\\/en\\\/#\\\/schema\\\/logo\\\/image\\\/\"},\"sameAs\":[\"https:\\\/\\\/www.facebook.com\\\/SchimmelPianos\",\"https:\\\/\\\/x.com\\\/SchimmelPianos\",\"https:\\\/\\\/www.instagram.com\\\/schimmelpianos\\\/\",\"https:\\\/\\\/m.youtube.com\\\/c\\\/SchimmelPianosOfficial\"]}]}<\/script>\n<!-- \/ Yoast SEO plugin. -->","yoast_head_json":{"title":"R\u00e9f\u00e9rences - Piano Schimmel","description":"Ici sont r\u00e9f\u00e9renc\u00e9s des artistes ayant jou\u00e9 sur des pianos Schimmel ainsi que des institutions qui ont choisi Schimmel.","robots":{"index":"index","follow":"follow","max-snippet":"max-snippet:-1","max-image-preview":"max-image-preview:large","max-video-preview":"max-video-preview:-1"},"canonical":"https:\/\/www.schimmel-pianos.de\/fr\/references-2\/","og_locale":"fr_FR","og_type":"article","og_title":"Referenzen - Schimmel Piano","og_description":"Hier sehen Sie K\u00fcnstler, die auf Schimmel Pianos gespielt haben, sowie Institutionen, die sich f\u00fcr Schimmel entschieden haben.","og_url":"https:\/\/www.schimmel-pianos.de\/fr\/references-2\/","og_site_name":"Schimmel Piano","article_publisher":"https:\/\/www.facebook.com\/SchimmelPianos","article_modified_time":"2025-07-03T11:54:01+00:00","og_image":[{"width":2500,"height":1500,"url":"https:\/\/www.schimmel-pianos.de\/wp-content\/uploads\/2022\/12\/16_Schimmel_Referenzen_Titelbild_2.webp","type":"image\/webp"}],"twitter_card":"summary_large_image","twitter_site":"@SchimmelPianos","twitter_misc":{"Dur\u00e9e de lecture estim\u00e9e":"1 minute"},"schema":{"@context":"https:\/\/schema.org","@graph":[{"@type":"WebPage","@id":"https:\/\/www.schimmel-pianos.de\/referenzen\/","url":"https:\/\/www.schimmel-pianos.de\/referenzen\/","name":"R\u00e9f\u00e9rences - Piano Schimmel","isPartOf":{"@id":"https:\/\/www.schimmel-pianos.de\/en\/#website"},"primaryImageOfPage":{"@id":"https:\/\/www.schimmel-pianos.de\/referenzen\/#primaryimage"},"image":{"@id":"https:\/\/www.schimmel-pianos.de\/referenzen\/#primaryimage"},"thumbnailUrl":"https:\/\/www.schimmel-pianos.de\/wp-content\/uploads\/2022\/12\/16_Schimmel_Referenzen_Titelbild_2.webp","datePublished":"2022-11-21T14:25:31+00:00","dateModified":"2025-07-03T11:54:01+00:00","description":"Ici sont r\u00e9f\u00e9renc\u00e9s des artistes ayant jou\u00e9 sur des pianos Schimmel ainsi que des institutions qui ont choisi Schimmel.","breadcrumb":{"@id":"https:\/\/www.schimmel-pianos.de\/referenzen\/#breadcrumb"},"inLanguage":"fr-FR","potentialAction":[{"@type":"ReadAction","target":["https:\/\/www.schimmel-pianos.de\/referenzen\/"]}]},{"@type":"ImageObject","inLanguage":"fr-FR","@id":"https:\/\/www.schimmel-pianos.de\/referenzen\/#primaryimage","url":"https:\/\/www.schimmel-pianos.de\/wp-content\/uploads\/2022\/12\/16_Schimmel_Referenzen_Titelbild_2.webp","contentUrl":"https:\/\/www.schimmel-pianos.de\/wp-content\/uploads\/2022\/12\/16_Schimmel_Referenzen_Titelbild_2.webp","width":2500,"height":1500,"caption":"Schimmel Referenzen Titelbild"},{"@type":"BreadcrumbList","@id":"https:\/\/www.schimmel-pianos.de\/referenzen\/#breadcrumb","itemListElement":[{"@type":"ListItem","position":1,"name":"Home","item":"https:\/\/www.schimmel-pianos.de\/"},{"@type":"ListItem","position":2,"name":"Referenzen"}]},{"@type":"WebSite","@id":"https:\/\/www.schimmel-pianos.de\/en\/#website","url":"https:\/\/www.schimmel-pianos.de\/en\/","name":"Pianos Schimmel","description":"Fabriquer des pianos en Allemagne avec passion - depuis 1885","publisher":{"@id":"https:\/\/www.schimmel-pianos.de\/en\/#organization"},"alternateName":"Schimmel Piano","potentialAction":[{"@type":"SearchAction","target":{"@type":"EntryPoint","urlTemplate":"https:\/\/www.schimmel-pianos.de\/en\/?s={search_term_string}"},"query-input":{"@type":"PropertyValueSpecification","valueRequired":true,"valueName":"search_term_string"}}],"inLanguage":"fr-FR"},{"@type":"Organization","@id":"https:\/\/www.schimmel-pianos.de\/en\/#organization","name":"Wilhelm Schimmel Pianofortefabrik GmbH","url":"https:\/\/www.schimmel-pianos.de\/en\/","logo":{"@type":"ImageObject","inLanguage":"fr-FR","@id":"https:\/\/www.schimmel-pianos.de\/en\/#\/schema\/logo\/image\/","url":"https:\/\/www.schimmel-pianos.de\/wp-content\/uploads\/2022\/04\/Schimmel_Logo.webp","contentUrl":"https:\/\/www.schimmel-pianos.de\/wp-content\/uploads\/2022\/04\/Schimmel_Logo.webp","width":150,"height":50,"caption":"Wilhelm Schimmel Pianofortefabrik GmbH"},"image":{"@id":"https:\/\/www.schimmel-pianos.de\/en\/#\/schema\/logo\/image\/"},"sameAs":["https:\/\/www.facebook.com\/SchimmelPianos","https:\/\/x.com\/SchimmelPianos","https:\/\/www.instagram.com\/schimmelpianos\/","https:\/\/m.youtube.com\/c\/SchimmelPianosOfficial"]}]}},"_links":{"self":[{"href":"https:\/\/www.schimmel-pianos.de\/fr\/wp-json\/wp\/v2\/pages\/9363","targetHints":{"allow":["GET"]}}],"collection":[{"href":"https:\/\/www.schimmel-pianos.de\/fr\/wp-json\/wp\/v2\/pages"}],"about":[{"href":"https:\/\/www.schimmel-pianos.de\/fr\/wp-json\/wp\/v2\/types\/page"}],"author":[{"embeddable":true,"href":"https:\/\/www.schimmel-pianos.de\/fr\/wp-json\/wp\/v2\/users\/3"}],"replies":[{"embeddable":true,"href":"https:\/\/www.schimmel-pianos.de\/fr\/wp-json\/wp\/v2\/comments?post=9363"}],"version-history":[{"count":5,"href":"https:\/\/www.schimmel-pianos.de\/fr\/wp-json\/wp\/v2\/pages\/9363\/revisions"}],"predecessor-version":[{"id":20853,"href":"https:\/\/www.schimmel-pianos.de\/fr\/wp-json\/wp\/v2\/pages\/9363\/revisions\/20853"}],"wp:featuredmedia":[{"embeddable":true,"href":"https:\/\/www.schimmel-pianos.de\/fr\/wp-json\/wp\/v2\/media\/10262"}],"wp:attachment":[{"href":"https:\/\/www.schimmel-pianos.de\/fr\/wp-json\/wp\/v2\/media?parent=9363"}],"curies":[{"name":"wp","href":"https:\/\/api.w.org\/{rel}","templated":true}]}}