{"id":6067,"date":"2022-07-20T13:24:57","date_gmt":"2022-07-20T13:24:57","guid":{"rendered":"https:\/\/schimmel-piano.gdstest.de\/?page_id=6067"},"modified":"2024-06-05T12:54:23","modified_gmt":"2024-06-05T12:54:23","slug":"rechtliche-hinweise","status":"publish","type":"page","link":"https:\/\/www.schimmel-pianos.de\/it\/rechtliche-hinweise\/","title":{"rendered":"Informazioni legali"},"content":{"rendered":"<div data-elementor-type=\"wp-page\" data-elementor-id=\"6067\" class=\"elementor elementor-6067\" data-elementor-post-type=\"page\">\n\t\t\t\t\t\t<section data-dce-background-color=\"#FFFFFF\" class=\"elementor-section elementor-top-section elementor-element elementor-element-5d2ba167 elementor-section-boxed elementor-section-height-default elementor-section-height-default\" data-id=\"5d2ba167\" data-element_type=\"section\" data-e-type=\"section\" data-settings=\"{&quot;background_background&quot;:&quot;classic&quot;}\">\n\t\t\t\t\t\t<div class=\"elementor-container elementor-column-gap-default\">\n\t\t\t\t\t<div class=\"elementor-column elementor-col-100 elementor-top-column elementor-element elementor-element-20e3e8b8\" data-id=\"20e3e8b8\" data-element_type=\"column\" data-e-type=\"column\">\n\t\t\t<div class=\"elementor-widget-wrap elementor-element-populated\">\n\t\t\t\t\t\t<div class=\"elementor-element elementor-element-603a4845 elementor-widget elementor-widget-spacer\" data-id=\"603a4845\" data-element_type=\"widget\" data-e-type=\"widget\" data-widget_type=\"spacer.default\">\n\t\t\t\t<div class=\"elementor-widget-container\">\n\t\t\t\t\t\t\t<div class=\"elementor-spacer\">\n\t\t\t<div class=\"elementor-spacer-inner\"><\/div>\n\t\t<\/div>\n\t\t\t\t\t\t<\/div>\n\t\t\t\t<\/div>\n\t\t\t\t<div class=\"elementor-element elementor-element-73f13731 elementor-widget elementor-widget-heading\" data-id=\"73f13731\" data-element_type=\"widget\" data-e-type=\"widget\" data-widget_type=\"heading.default\">\n\t\t\t\t<div class=\"elementor-widget-container\">\n\t\t\t\t\t<h1 class=\"elementor-heading-title elementor-size-default\">Informazioni legali<\/h1>\t\t\t\t<\/div>\n\t\t\t\t<\/div>\n\t\t\t\t<div class=\"elementor-element elementor-element-61a06b8d elementor-widget elementor-widget-spacer\" data-id=\"61a06b8d\" data-element_type=\"widget\" data-e-type=\"widget\" data-widget_type=\"spacer.default\">\n\t\t\t\t<div class=\"elementor-widget-container\">\n\t\t\t\t\t\t\t<div class=\"elementor-spacer\">\n\t\t\t<div class=\"elementor-spacer-inner\"><\/div>\n\t\t<\/div>\n\t\t\t\t\t\t<\/div>\n\t\t\t\t<\/div>\n\t\t\t\t<div class=\"elementor-element elementor-element-6936b6e4 elementor-widget elementor-widget-text-editor\" data-id=\"6936b6e4\" data-element_type=\"widget\" data-e-type=\"widget\" data-widget_type=\"text-editor.default\">\n\t\t\t\t<div class=\"elementor-widget-container\">\n\t\t\t\t\t\t\t\t\t<p><strong> Informazioni generali<\/strong><\/p><p>\u00a0<\/p><p>Schimmel desidera informare i visitatori del suo sito internet di riservarsi il diritto di modifiche in design, aspetto, produzione e costruzione degli strumenti in qualsiasi momento e senza l'obbligo dell'aggiornamento delle informazioni sulle relative pagine del sito, il ch\u00e8 potr\u00e0 comportare una temporanea divergenza con le informazioni fornite nel sito. Sono incluse anche alterazioni, modifiche ed estenzioni delle esecuzioni disponibili (tipi di legno, colori, superficie). Schimmel o i suoi concessionari autorizzati non sono legalmente responsabili per richieste di compensazione, riparazioni o sostituzioni di strumenti gi\u00e0 consegnati, riguardanti questi cambiamenti o qualsiasi differenza risultante dalle immagini o dalle descrizioni.<\/p><p>Illustrazioni e descrizioni possono variare dalle reali esecuzioni. Variazioni di colori e venature del legno sono possibil e dovute alla natura del materiale e alla forma del media internet.<\/p><p>\u00a0<\/p><p><strong>Diritti d'autore<\/strong><\/p><p>\u00a0<\/p><p>Tutti i diritti sono riservati. Tutti i diritti d'autore e di usufrutto di testi ed immagini del sito internet sono di Schimmel. L'uso di tutti i testi, immagini, marchi, termini commerciali e grafici di questo sito internet, incluso estratti o usi a scopo diverso da quello di destinazione, non \u00e8 permesso ed \u00e8 soggetto di un contratto specifico redatto con Schimmel.<\/p><p>Schimmel non assume alcuna garanzia per l'accuratezza, la completezza e l'attualit\u00e0 delle informazioni di questo sito. Le informazioni contenute in questo sito sono state raccolte da Schimmel secondo scienza e coscienza e controllate sulla loro conformit\u00e0. Schimmel non si assume la responsabilit\u00e0 di danni risultanti dall'uso delle informazioni, a meno che non si tratti di dimostrabile colpa dolosa o di grave negligenza intenzionale da parte di Schimmel.<\/p><p>Schimmel si riserva espressamente il diritto di modificare, senza previo avviso, i contenuti di questo sito internet per intero od in parte.<\/p><p>\u00a0<\/p><p><strong>Condizioni d'acquisto<\/strong><\/p><p><a href=\"https:\/\/www.schimmel-pianos.de\/wp-content\/uploads\/2023\/01\/15-07_Einkaufsbedingungen_WSP_E.pdf\" target=\"_blank\" rel=\"noopener\">Wilhelm Schimmel Pianofortefabrik GmbH<\/a><\/p><p>\u00a0<\/p><p><strong>Condizioni generali di fornitura e pagamento<\/strong><\/p><p><a href=\"https:\/\/www.schimmel-pianos.de\/wp-content\/uploads\/2023\/01\/18-04_AGB_WSP_E.pdf\" target=\"_blank\" rel=\"noopener\">Wilhelm Schimmel Pianofortefabrik GmbH<\/a><\/p>\t\t\t\t\t\t\t\t<\/div>\n\t\t\t\t<\/div>\n\t\t\t\t<div class=\"elementor-element elementor-element-12580988 elementor-widget elementor-widget-spacer\" data-id=\"12580988\" data-element_type=\"widget\" data-e-type=\"widget\" data-widget_type=\"spacer.default\">\n\t\t\t\t<div class=\"elementor-widget-container\">\n\t\t\t\t\t\t\t<div class=\"elementor-spacer\">\n\t\t\t<div class=\"elementor-spacer-inner\"><\/div>\n\t\t<\/div>\n\t\t\t\t\t\t<\/div>\n\t\t\t\t<\/div>\n\t\t\t\t<div data-dce-title-color=\"#000000\" class=\"elementor-element elementor-element-135ed80 elementor-hidden-desktop elementor-hidden-tablet_extra elementor-hidden-tablet elementor-hidden-mobile elementor-widget elementor-widget-toggle\" data-id=\"135ed80\" data-element_type=\"widget\" data-e-type=\"widget\" data-widget_type=\"toggle.default\">\n\t\t\t\t<div class=\"elementor-widget-container\">\n\t\t\t\t\t\t\t<div class=\"elementor-toggle\">\n\t\t\t\t\t\t\t<div class=\"elementor-toggle-item\">\n\t\t\t\t\t<div id=\"elementor-tab-title-2031\" class=\"elementor-tab-title\" data-tab=\"1\" role=\"button\" aria-controls=\"elementor-tab-content-2031\" aria-expanded=\"false\">\n\t\t\t\t\t\t\t\t\t\t\t\t<a class=\"elementor-toggle-title\" tabindex=\"0\">Weniger<\/a>\n\t\t\t\t\t<\/div>\n\n\t\t\t\t\t<div id=\"elementor-tab-content-2031\" class=\"elementor-tab-content elementor-clearfix\" data-tab=\"1\" role=\"region\" aria-labelledby=\"elementor-tab-title-2031\"><\/div>\n\t\t\t\t<\/div>\n\t\t\t\t\t\t\t\t<\/div>\n\t\t\t\t\t\t<\/div>\n\t\t\t\t<\/div>\n\t\t\t\t\t<\/div>\n\t\t<\/div>\n\t\t\t\t\t<\/div>\n\t\t<\/section>\n\t\t\t\t<\/div>","protected":false},"excerpt":{"rendered":"<p>Rechtliche Hinweise Haftungsausschluss \u00a0 Schimmel macht die Besucher seiner Internetseiten ausdr\u00fccklich darauf aufmerksam, dass jederzeit und ohne Verpflichtung zur Aktualisierung der Informationen auf einzelnen Webseiten \u00c4nderungen in Design, Aussehen, Verarbeitung und Konstruktion der Instrumente vorbehalten sind und von den Darstellungen auf den einzelnen Webseiten abweichen k\u00f6nnen. Vorbehalten sind au\u00dferdem \u00c4nderungen, Einschr\u00e4nkungen und Erweiterungen der auf [&hellip;]<\/p>\n","protected":false},"author":3,"featured_media":0,"parent":0,"menu_order":0,"comment_status":"closed","ping_status":"closed","template":"elementor_header_footer","meta":{"footnotes":""},"class_list":["post-6067","page","type-page","status-publish","hentry"],"yoast_head":"<!-- This site is optimized with the Yoast SEO plugin v27.3 - https:\/\/yoast.com\/product\/yoast-seo-wordpress\/ -->\n<title>Rechtliche Hinweise - Schimmel Piano<\/title>\n<meta name=\"description\" content=\"Auf dieser Seite finden Sie die rechtlichen Hinweise von Schimmel Pianos: Haftungsausschluss, geistiges Eigentum, Einkaufsbedingungen, AGBs\" \/>\n<meta name=\"robots\" content=\"index, follow, max-snippet:-1, max-image-preview:large, max-video-preview:-1\" \/>\n<link rel=\"canonical\" href=\"https:\/\/www.schimmel-pianos.de\/it\/rechtliche-hinweise\/\" \/>\n<meta property=\"og:locale\" content=\"it_IT\" \/>\n<meta property=\"og:type\" content=\"article\" \/>\n<meta property=\"og:title\" content=\"Rechtliche Hinweise - Schimmel Piano\" \/>\n<meta property=\"og:description\" content=\"Auf dieser Seite finden Sie die rechtlichen Hinweise von Schimmel Pianos: Haftungsausschluss, geistiges Eigentum, Einkaufsbedingungen, AGBs\" \/>\n<meta property=\"og:url\" content=\"https:\/\/www.schimmel-pianos.de\/it\/rechtliche-hinweise\/\" \/>\n<meta property=\"og:site_name\" content=\"Schimmel Piano\" \/>\n<meta property=\"article:publisher\" content=\"https:\/\/www.facebook.com\/SchimmelPianos\" \/>\n<meta property=\"article:modified_time\" content=\"2024-06-05T12:54:23+00:00\" \/>\n<meta property=\"og:image\" content=\"https:\/\/www.schimmel-pianos.de\/wp-content\/uploads\/2022\/06\/12_Schimmel_Spielende_Haende_Titelbild-1.webp\" \/>\n\t<meta property=\"og:image:width\" content=\"2500\" \/>\n\t<meta property=\"og:image:height\" content=\"1500\" \/>\n\t<meta property=\"og:image:type\" content=\"image\/webp\" \/>\n<meta name=\"twitter:card\" content=\"summary_large_image\" \/>\n<meta name=\"twitter:site\" content=\"@SchimmelPianos\" \/>\n<meta name=\"twitter:label1\" content=\"Tempo di lettura stimato\" \/>\n\t<meta name=\"twitter:data1\" content=\"2 minuti\" \/>\n<script type=\"application\/ld+json\" class=\"yoast-schema-graph\">{\"@context\":\"https:\\\/\\\/schema.org\",\"@graph\":[{\"@type\":\"WebPage\",\"@id\":\"https:\\\/\\\/www.schimmel-pianos.de\\\/rechtliche-hinweise\\\/\",\"url\":\"https:\\\/\\\/www.schimmel-pianos.de\\\/rechtliche-hinweise\\\/\",\"name\":\"Rechtliche Hinweise - Schimmel Piano\",\"isPartOf\":{\"@id\":\"https:\\\/\\\/www.schimmel-pianos.de\\\/en\\\/#website\"},\"datePublished\":\"2022-07-20T13:24:57+00:00\",\"dateModified\":\"2024-06-05T12:54:23+00:00\",\"description\":\"Auf dieser Seite finden Sie die rechtlichen Hinweise von Schimmel Pianos: Haftungsausschluss, geistiges Eigentum, Einkaufsbedingungen, AGBs\",\"breadcrumb\":{\"@id\":\"https:\\\/\\\/www.schimmel-pianos.de\\\/rechtliche-hinweise\\\/#breadcrumb\"},\"inLanguage\":\"it-IT\",\"potentialAction\":[{\"@type\":\"ReadAction\",\"target\":[\"https:\\\/\\\/www.schimmel-pianos.de\\\/rechtliche-hinweise\\\/\"]}]},{\"@type\":\"BreadcrumbList\",\"@id\":\"https:\\\/\\\/www.schimmel-pianos.de\\\/rechtliche-hinweise\\\/#breadcrumb\",\"itemListElement\":[{\"@type\":\"ListItem\",\"position\":1,\"name\":\"Home\",\"item\":\"https:\\\/\\\/www.schimmel-pianos.de\\\/\"},{\"@type\":\"ListItem\",\"position\":2,\"name\":\"Rechtliche Hinweise\"}]},{\"@type\":\"WebSite\",\"@id\":\"https:\\\/\\\/www.schimmel-pianos.de\\\/en\\\/#website\",\"url\":\"https:\\\/\\\/www.schimmel-pianos.de\\\/en\\\/\",\"name\":\"Schimmel Pianos\",\"description\":\"Crafting pianos with passion in Germany - since 1885.\",\"publisher\":{\"@id\":\"https:\\\/\\\/www.schimmel-pianos.de\\\/en\\\/#organization\"},\"alternateName\":\"Schimmel Piano\",\"potentialAction\":[{\"@type\":\"SearchAction\",\"target\":{\"@type\":\"EntryPoint\",\"urlTemplate\":\"https:\\\/\\\/www.schimmel-pianos.de\\\/en\\\/?s={search_term_string}\"},\"query-input\":{\"@type\":\"PropertyValueSpecification\",\"valueRequired\":true,\"valueName\":\"search_term_string\"}}],\"inLanguage\":\"it-IT\"},{\"@type\":\"Organization\",\"@id\":\"https:\\\/\\\/www.schimmel-pianos.de\\\/en\\\/#organization\",\"name\":\"Wilhelm Schimmel Pianofortefabrik GmbH\",\"url\":\"https:\\\/\\\/www.schimmel-pianos.de\\\/en\\\/\",\"logo\":{\"@type\":\"ImageObject\",\"inLanguage\":\"it-IT\",\"@id\":\"https:\\\/\\\/www.schimmel-pianos.de\\\/en\\\/#\\\/schema\\\/logo\\\/image\\\/\",\"url\":\"https:\\\/\\\/www.schimmel-pianos.de\\\/wp-content\\\/uploads\\\/2022\\\/04\\\/Schimmel_Logo.webp\",\"contentUrl\":\"https:\\\/\\\/www.schimmel-pianos.de\\\/wp-content\\\/uploads\\\/2022\\\/04\\\/Schimmel_Logo.webp\",\"width\":150,\"height\":50,\"caption\":\"Wilhelm Schimmel Pianofortefabrik GmbH\"},\"image\":{\"@id\":\"https:\\\/\\\/www.schimmel-pianos.de\\\/en\\\/#\\\/schema\\\/logo\\\/image\\\/\"},\"sameAs\":[\"https:\\\/\\\/www.facebook.com\\\/SchimmelPianos\",\"https:\\\/\\\/x.com\\\/SchimmelPianos\",\"https:\\\/\\\/www.instagram.com\\\/schimmelpianos\\\/\",\"https:\\\/\\\/m.youtube.com\\\/c\\\/SchimmelPianosOfficial\"]}]}<\/script>\n<!-- \/ Yoast SEO plugin. -->","yoast_head_json":{"title":"Rechtliche Hinweise - Schimmel Piano","description":"Auf dieser Seite finden Sie die rechtlichen Hinweise von Schimmel Pianos: Haftungsausschluss, geistiges Eigentum, Einkaufsbedingungen, AGBs","robots":{"index":"index","follow":"follow","max-snippet":"max-snippet:-1","max-image-preview":"max-image-preview:large","max-video-preview":"max-video-preview:-1"},"canonical":"https:\/\/www.schimmel-pianos.de\/it\/rechtliche-hinweise\/","og_locale":"it_IT","og_type":"article","og_title":"Rechtliche Hinweise - Schimmel Piano","og_description":"Auf dieser Seite finden Sie die rechtlichen Hinweise von Schimmel Pianos: Haftungsausschluss, geistiges Eigentum, Einkaufsbedingungen, AGBs","og_url":"https:\/\/www.schimmel-pianos.de\/it\/rechtliche-hinweise\/","og_site_name":"Schimmel Piano","article_publisher":"https:\/\/www.facebook.com\/SchimmelPianos","article_modified_time":"2024-06-05T12:54:23+00:00","og_image":[{"width":2500,"height":1500,"url":"https:\/\/www.schimmel-pianos.de\/wp-content\/uploads\/2022\/06\/12_Schimmel_Spielende_Haende_Titelbild-1.webp","type":"image\/webp"}],"twitter_card":"summary_large_image","twitter_site":"@SchimmelPianos","twitter_misc":{"Tempo di lettura stimato":"2 minuti"},"schema":{"@context":"https:\/\/schema.org","@graph":[{"@type":"WebPage","@id":"https:\/\/www.schimmel-pianos.de\/rechtliche-hinweise\/","url":"https:\/\/www.schimmel-pianos.de\/rechtliche-hinweise\/","name":"Rechtliche Hinweise - Schimmel Piano","isPartOf":{"@id":"https:\/\/www.schimmel-pianos.de\/en\/#website"},"datePublished":"2022-07-20T13:24:57+00:00","dateModified":"2024-06-05T12:54:23+00:00","description":"Auf dieser Seite finden Sie die rechtlichen Hinweise von Schimmel Pianos: Haftungsausschluss, geistiges Eigentum, Einkaufsbedingungen, AGBs","breadcrumb":{"@id":"https:\/\/www.schimmel-pianos.de\/rechtliche-hinweise\/#breadcrumb"},"inLanguage":"it-IT","potentialAction":[{"@type":"ReadAction","target":["https:\/\/www.schimmel-pianos.de\/rechtliche-hinweise\/"]}]},{"@type":"BreadcrumbList","@id":"https:\/\/www.schimmel-pianos.de\/rechtliche-hinweise\/#breadcrumb","itemListElement":[{"@type":"ListItem","position":1,"name":"Home","item":"https:\/\/www.schimmel-pianos.de\/"},{"@type":"ListItem","position":2,"name":"Rechtliche Hinweise"}]},{"@type":"WebSite","@id":"https:\/\/www.schimmel-pianos.de\/en\/#website","url":"https:\/\/www.schimmel-pianos.de\/en\/","name":"Schimmel Pianos","description":"Crafting pianos with passion in Germany - since 1885.","publisher":{"@id":"https:\/\/www.schimmel-pianos.de\/en\/#organization"},"alternateName":"Schimmel Piano","potentialAction":[{"@type":"SearchAction","target":{"@type":"EntryPoint","urlTemplate":"https:\/\/www.schimmel-pianos.de\/en\/?s={search_term_string}"},"query-input":{"@type":"PropertyValueSpecification","valueRequired":true,"valueName":"search_term_string"}}],"inLanguage":"it-IT"},{"@type":"Organization","@id":"https:\/\/www.schimmel-pianos.de\/en\/#organization","name":"Wilhelm Schimmel Pianofortefabrik GmbH","url":"https:\/\/www.schimmel-pianos.de\/en\/","logo":{"@type":"ImageObject","inLanguage":"it-IT","@id":"https:\/\/www.schimmel-pianos.de\/en\/#\/schema\/logo\/image\/","url":"https:\/\/www.schimmel-pianos.de\/wp-content\/uploads\/2022\/04\/Schimmel_Logo.webp","contentUrl":"https:\/\/www.schimmel-pianos.de\/wp-content\/uploads\/2022\/04\/Schimmel_Logo.webp","width":150,"height":50,"caption":"Wilhelm Schimmel Pianofortefabrik GmbH"},"image":{"@id":"https:\/\/www.schimmel-pianos.de\/en\/#\/schema\/logo\/image\/"},"sameAs":["https:\/\/www.facebook.com\/SchimmelPianos","https:\/\/x.com\/SchimmelPianos","https:\/\/www.instagram.com\/schimmelpianos\/","https:\/\/m.youtube.com\/c\/SchimmelPianosOfficial"]}]}},"_links":{"self":[{"href":"https:\/\/www.schimmel-pianos.de\/it\/wp-json\/wp\/v2\/pages\/6067","targetHints":{"allow":["GET"]}}],"collection":[{"href":"https:\/\/www.schimmel-pianos.de\/it\/wp-json\/wp\/v2\/pages"}],"about":[{"href":"https:\/\/www.schimmel-pianos.de\/it\/wp-json\/wp\/v2\/types\/page"}],"author":[{"embeddable":true,"href":"https:\/\/www.schimmel-pianos.de\/it\/wp-json\/wp\/v2\/users\/3"}],"replies":[{"embeddable":true,"href":"https:\/\/www.schimmel-pianos.de\/it\/wp-json\/wp\/v2\/comments?post=6067"}],"version-history":[{"count":5,"href":"https:\/\/www.schimmel-pianos.de\/it\/wp-json\/wp\/v2\/pages\/6067\/revisions"}],"predecessor-version":[{"id":18106,"href":"https:\/\/www.schimmel-pianos.de\/it\/wp-json\/wp\/v2\/pages\/6067\/revisions\/18106"}],"wp:attachment":[{"href":"https:\/\/www.schimmel-pianos.de\/it\/wp-json\/wp\/v2\/media?parent=6067"}],"curies":[{"name":"wp","href":"https:\/\/api.w.org\/{rel}","templated":true}]}}